{"id":474,"date":"2022-07-12T01:07:26","date_gmt":"2022-07-12T01:07:26","guid":{"rendered":"https:\/\/sibesite.com\/desiree2\/?page_id=474"},"modified":"2022-07-15T16:15:30","modified_gmt":"2022-07-15T16:15:30","slug":"exhibitions-calvaresi","status":"publish","type":"page","link":"https:\/\/desireederidder.com.ar\/es\/exhibitions-calvaresi\/","title":{"rendered":"EXHIBITIONS \/ CALVARESI"},"content":{"rendered":"<div data-elementor-type=\"wp-page\" data-elementor-id=\"474\" class=\"elementor elementor-474\" data-elementor-post-type=\"page\">\n\t\t\t\t\t\t<section class=\"elementor-section elementor-top-section elementor-element elementor-element-4119c99 elementor-section-full_width elementor-section-height-default elementor-section-height-default\" data-id=\"4119c99\" data-element_type=\"section\">\n\t\t\t\t\t\t<div class=\"elementor-container elementor-column-gap-no\">\n\t\t\t\t\t<div class=\"elementor-column elementor-col-100 elementor-top-column elementor-element elementor-element-91b07ab\" data-id=\"91b07ab\" data-element_type=\"column\">\n\t\t\t<div class=\"elementor-widget-wrap elementor-element-populated\">\n\t\t\t\t\t\t<section class=\"elementor-section elementor-inner-section elementor-element elementor-element-8388007 elementor-section-boxed elementor-section-height-default elementor-section-height-default\" data-id=\"8388007\" data-element_type=\"section\">\n\t\t\t\t\t\t<div class=\"elementor-container elementor-column-gap-default\">\n\t\t\t\t\t<div class=\"elementor-column elementor-col-50 elementor-inner-column elementor-element elementor-element-0267a14\" data-id=\"0267a14\" data-element_type=\"column\">\n\t\t\t<div class=\"elementor-widget-wrap elementor-element-populated\">\n\t\t\t\t\t\t<div class=\"elementor-element elementor-element-7471d6e elementor-widget elementor-widget-heading\" data-id=\"7471d6e\" data-element_type=\"widget\" data-widget_type=\"heading.default\">\n\t\t\t\t<div class=\"elementor-widget-container\">\n\t\t\t\t\t<h2 class=\"elementor-heading-title elementor-size-default\">CALVARESI<\/h2>\t\t\t\t<\/div>\n\t\t\t\t<\/div>\n\t\t\t\t\t<\/div>\n\t\t<\/div>\n\t\t\t\t<div class=\"elementor-column elementor-col-50 elementor-inner-column elementor-element elementor-element-ae7bdc5\" data-id=\"ae7bdc5\" data-element_type=\"column\">\n\t\t\t<div class=\"elementor-widget-wrap elementor-element-populated\">\n\t\t\t\t\t\t<div class=\"elementor-element elementor-element-dc6421d elementor-align-right elementor-widget elementor-widget-breadcrumbs\" data-id=\"dc6421d\" data-element_type=\"widget\" data-widget_type=\"breadcrumbs.default\">\n\t\t\t\t<div class=\"elementor-widget-container\">\n\t\t\t\t\t<p id=\"breadcrumbs\"><span><span><a href=\"https:\/\/desireederidder.com.ar\/es\/\">Portada<\/a><\/span><\/span><\/p>\t\t\t\t<\/div>\n\t\t\t\t<\/div>\n\t\t\t\t\t<\/div>\n\t\t<\/div>\n\t\t\t\t\t<\/div>\n\t\t<\/section>\n\t\t\t\t\t<\/div>\n\t\t<\/div>\n\t\t\t\t\t<\/div>\n\t\t<\/section>\n\t\t\t\t<section class=\"elementor-section elementor-top-section elementor-element elementor-element-147b1d6 elementor-section-boxed elementor-section-height-default elementor-section-height-default\" data-id=\"147b1d6\" data-element_type=\"section\">\n\t\t\t\t\t\t<div class=\"elementor-container elementor-column-gap-default\">\n\t\t\t\t\t<div class=\"elementor-column elementor-col-100 elementor-top-column elementor-element elementor-element-60ca45d\" data-id=\"60ca45d\" data-element_type=\"column\">\n\t\t\t<div class=\"elementor-widget-wrap elementor-element-populated\">\n\t\t\t\t\t\t<div class=\"elementor-element elementor-element-e9ffb74 elementor-widget elementor-widget-text-editor\" data-id=\"e9ffb74\" data-element_type=\"widget\" data-widget_type=\"text-editor.default\">\n\t\t\t\t<div class=\"elementor-widget-container\">\n\t\t\t\t\t\t\t\t\t<p><strong>EL GRITO DE ALARMA ESPERAN \/ WAITING FOR THE ALARM CRY <br \/>Elena Tavelli<\/strong><br \/><strong>2018<\/strong><br \/><br \/>Dicen que en tanto la vida pasa, los a\u00f1os se inscriben en la carne del \u00e1rbol que envejece. Sus ra\u00edces maman el alimento del suelo, su tronco enreda el tiempo en anillos y sus ramas devuelven el fruto a la tierra. Sin \u00e1rboles, no tendr\u00edamos m\u00e1s sombra, sin sombra no habr\u00eda m\u00e1s agua y sin agua, no hay vida. <br \/>Del barro venimos y hacia el barro vamos. Desde tiempos ancestrales, mitolog\u00edas y religiones diversas han explicado la creaci\u00f3n del hombre a trav\u00e9s del modelado de la arcilla. Un material tan fr\u00e1gil, d\u00f3cil y maleable como la naturaleza humana, que desde \u00e9pocas remotas ha hecho de esta pasta blanda material de construcci\u00f3n, contenedor de alimento y objeto ritual. Culturas originarias del sur americano enterraron a sus l\u00edderes junto a piezas de cer\u00e1mica con rostro felino. Sus guerreros veneraban especialmente al jaguar, por la autoridad y el poder que infund\u00eda como superpredador del continente que era. En el bosque admiraban al ciervo por la cornamenta que ascend\u00eda desde su cabeza directo al cielo y desde abajo, reverenciaban al c\u00f3ndor que, aliment\u00e1ndose de los muertos, elevaba sus almas al cielo y volaba inmortal. En los \u00faltimos a\u00f1os, se ha visto un resurgir de la cer\u00e1mica como soporte contempor\u00e1neo, sobre todo como una herramienta de resistencia frente al dominio actual de las im\u00e1genes virtuales e inmateriales. Al trabajar con el barro, la manipulaci\u00f3n de los elementos \u2013tierra, agua y fuego\u2013 supone volver a abrazar la posibilidad del error, lo irregular y lo inestable, tan propios del factor org\u00e1nico. Las manos que lo amasan y modelan, transmiten directamente su peso y su temperatura corporal a la pieza y en ese resultado, el anhelo por regresar a las formas imperfectas y recuperar la huella de vida perdida en nuestro mundo, queda impreso.<br \/>En una Argentina fumigada, talada y con especies animales y culturas milenarias extintas, recurrir a la cer\u00e1mica es una decisi\u00f3n conceptual de armas tomar. Para Desir\u00e9e de Ridder es tambi\u00e9n un proceso de sanaci\u00f3n y un reencuentro con el campo que la vio crecer y la tierra donde ech\u00f3 ra\u00edces. A sus a\u00f1os dedicados a la pintura, el barro los volvi\u00f3 tridimensionales y por encima, los carg\u00f3 de capas y sobrecapas de esmalte. En sus animales de paletas vibrantes, la ilusi\u00f3n se mezcla con la amenaza para exponer las problem\u00e1ticas m\u00e1s inmediatas a nuestro tiempo: la devastaci\u00f3n de la ecolog\u00eda global y las migraciones involuntarias.<br \/>Las vasijas, matrices contenedoras de vida, rodean el cuerpo de una f\u00e9mina mutilada. Est\u00e1n todas despellejadas de color y el vac\u00edo de su vientre duele. Han engordado la tierra con la sangre ind\u00edgena, dir\u00eda Atahualpa. La herida sigue abierta, pero de ella ahora brota una leve esperanza de vida. Porque por m\u00e1s fuerte que sea el destierro, su tierra en ellos est\u00e1 todav\u00eda. Hombre blanco, Huinca, el verdadero rey de las bestias es el que vive a costa de la muerte de otros, arrastra cementerios al andar y deja que las guerras escriban su historia. Quiz\u00e1s alg\u00fan d\u00eda \u00e9l sufra la extinci\u00f3n de otras vidas, como llorar\u00eda por la propia. Entretanto, en nombre de todas las v\u00edctimas del rubio depredador, el animal armado pide revancha y anhela venganza. Para devolverle a la tierra su voz, tan solo el grito de alarma esperan.<\/p>\t\t\t\t\t\t\t\t<\/div>\n\t\t\t\t<\/div>\n\t\t\t\t<div class=\"elementor-element elementor-element-21bdd3e elementor-widget elementor-widget-image\" data-id=\"21bdd3e\" data-element_type=\"widget\" data-widget_type=\"image.default\">\n\t\t\t\t<div class=\"elementor-widget-container\">\n\t\t\t\t\t\t\t\t\t\t\t\t\t\t\t<img fetchpriority=\"high\" decoding=\"async\" width=\"742\" height=\"742\" src=\"https:\/\/desireederidder.com.ar\/wp-content\/uploads\/2022\/07\/A9R1qj8zg3_xdh7ru_4gk-copia.webp\" class=\"attachment-large size-large wp-image-14\" alt=\"\" srcset=\"https:\/\/desireederidder.com.ar\/wp-content\/uploads\/2022\/07\/A9R1qj8zg3_xdh7ru_4gk-copia.webp 742w, https:\/\/desireederidder.com.ar\/wp-content\/uploads\/2022\/07\/A9R1qj8zg3_xdh7ru_4gk-copia-300x300.webp 300w, https:\/\/desireederidder.com.ar\/wp-content\/uploads\/2022\/07\/A9R1qj8zg3_xdh7ru_4gk-copia-150x150.webp 150w\" sizes=\"(max-width: 742px) 100vw, 742px\" \/>\t\t\t\t\t\t\t\t\t\t\t\t\t\t\t<\/div>\n\t\t\t\t<\/div>\n\t\t\t\t<div class=\"elementor-element elementor-element-a27f346 elementor-widget elementor-widget-image\" data-id=\"a27f346\" data-element_type=\"widget\" data-widget_type=\"image.default\">\n\t\t\t\t<div class=\"elementor-widget-container\">\n\t\t\t\t\t\t\t\t\t\t\t\t\t\t\t<img decoding=\"async\" width=\"742\" height=\"742\" src=\"https:\/\/desireederidder.com.ar\/wp-content\/uploads\/2022\/07\/A9R1yzegvj_xdh7rw_4gk-copia.webp\" class=\"attachment-large size-large wp-image-16\" alt=\"\" srcset=\"https:\/\/desireederidder.com.ar\/wp-content\/uploads\/2022\/07\/A9R1yzegvj_xdh7rw_4gk-copia.webp 742w, https:\/\/desireederidder.com.ar\/wp-content\/uploads\/2022\/07\/A9R1yzegvj_xdh7rw_4gk-copia-300x300.webp 300w, https:\/\/desireederidder.com.ar\/wp-content\/uploads\/2022\/07\/A9R1yzegvj_xdh7rw_4gk-copia-150x150.webp 150w\" sizes=\"(max-width: 742px) 100vw, 742px\" \/>\t\t\t\t\t\t\t\t\t\t\t\t\t\t\t<\/div>\n\t\t\t\t<\/div>\n\t\t\t\t<div class=\"elementor-element elementor-element-3a8e2b4 elementor-widget elementor-widget-image\" data-id=\"3a8e2b4\" data-element_type=\"widget\" data-widget_type=\"image.default\">\n\t\t\t\t<div class=\"elementor-widget-container\">\n\t\t\t\t\t\t\t\t\t\t\t\t\t\t\t<img decoding=\"async\" width=\"742\" height=\"742\" src=\"https:\/\/desireederidder.com.ar\/wp-content\/uploads\/2022\/07\/A9R1uz4hj5_xdh7ry_4gk-copia.webp\" class=\"attachment-large size-large wp-image-15\" alt=\"\" srcset=\"https:\/\/desireederidder.com.ar\/wp-content\/uploads\/2022\/07\/A9R1uz4hj5_xdh7ry_4gk-copia.webp 742w, https:\/\/desireederidder.com.ar\/wp-content\/uploads\/2022\/07\/A9R1uz4hj5_xdh7ry_4gk-copia-300x300.webp 300w, https:\/\/desireederidder.com.ar\/wp-content\/uploads\/2022\/07\/A9R1uz4hj5_xdh7ry_4gk-copia-150x150.webp 150w\" sizes=\"(max-width: 742px) 100vw, 742px\" \/>\t\t\t\t\t\t\t\t\t\t\t\t\t\t\t<\/div>\n\t\t\t\t<\/div>\n\t\t\t\t<div class=\"elementor-element elementor-element-ac628e9 elementor-widget elementor-widget-image\" data-id=\"ac628e9\" data-element_type=\"widget\" data-widget_type=\"image.default\">\n\t\t\t\t<div class=\"elementor-widget-container\">\n\t\t\t\t\t\t\t\t\t\t\t\t\t\t\t<img loading=\"lazy\" decoding=\"async\" width=\"742\" height=\"742\" src=\"https:\/\/desireederidder.com.ar\/wp-content\/uploads\/2022\/07\/A9R15a32qg_xdh7s0_4gk-copia.webp\" class=\"attachment-large size-large wp-image-18\" alt=\"\" srcset=\"https:\/\/desireederidder.com.ar\/wp-content\/uploads\/2022\/07\/A9R15a32qg_xdh7s0_4gk-copia.webp 742w, https:\/\/desireederidder.com.ar\/wp-content\/uploads\/2022\/07\/A9R15a32qg_xdh7s0_4gk-copia-300x300.webp 300w, https:\/\/desireederidder.com.ar\/wp-content\/uploads\/2022\/07\/A9R15a32qg_xdh7s0_4gk-copia-150x150.webp 150w\" sizes=\"(max-width: 742px) 100vw, 742px\" \/>\t\t\t\t\t\t\t\t\t\t\t\t\t\t\t<\/div>\n\t\t\t\t<\/div>\n\t\t\t\t<div class=\"elementor-element elementor-element-68b8cb0 elementor-widget elementor-widget-image\" data-id=\"68b8cb0\" data-element_type=\"widget\" data-widget_type=\"image.default\">\n\t\t\t\t<div class=\"elementor-widget-container\">\n\t\t\t\t\t\t\t\t\t\t\t\t\t\t\t<img loading=\"lazy\" decoding=\"async\" width=\"742\" height=\"742\" src=\"https:\/\/desireederidder.com.ar\/wp-content\/uploads\/2022\/07\/A9R1c6f3xn_xdh7s2_4gk-copia.webp\" class=\"attachment-large size-large wp-image-8\" alt=\"\" srcset=\"https:\/\/desireederidder.com.ar\/wp-content\/uploads\/2022\/07\/A9R1c6f3xn_xdh7s2_4gk-copia.webp 742w, https:\/\/desireederidder.com.ar\/wp-content\/uploads\/2022\/07\/A9R1c6f3xn_xdh7s2_4gk-copia-300x300.webp 300w, https:\/\/desireederidder.com.ar\/wp-content\/uploads\/2022\/07\/A9R1c6f3xn_xdh7s2_4gk-copia-150x150.webp 150w\" sizes=\"(max-width: 742px) 100vw, 742px\" \/>\t\t\t\t\t\t\t\t\t\t\t\t\t\t\t<\/div>\n\t\t\t\t<\/div>\n\t\t\t\t<div class=\"elementor-element elementor-element-8f811d3 elementor-widget elementor-widget-image\" data-id=\"8f811d3\" data-element_type=\"widget\" data-widget_type=\"image.default\">\n\t\t\t\t<div class=\"elementor-widget-container\">\n\t\t\t\t\t\t\t\t\t\t\t\t\t\t\t<img loading=\"lazy\" decoding=\"async\" width=\"742\" height=\"924\" src=\"https:\/\/desireederidder.com.ar\/wp-content\/uploads\/2022\/07\/A9R131ml35_xdh7s4_4gk-copia.webp\" class=\"attachment-large size-large wp-image-20\" alt=\"\" srcset=\"https:\/\/desireederidder.com.ar\/wp-content\/uploads\/2022\/07\/A9R131ml35_xdh7s4_4gk-copia.webp 742w, https:\/\/desireederidder.com.ar\/wp-content\/uploads\/2022\/07\/A9R131ml35_xdh7s4_4gk-copia-241x300.webp 241w\" sizes=\"(max-width: 742px) 100vw, 742px\" \/>\t\t\t\t\t\t\t\t\t\t\t\t\t\t\t<\/div>\n\t\t\t\t<\/div>\n\t\t\t\t<div class=\"elementor-element elementor-element-55e0c9e elementor-widget elementor-widget-image\" data-id=\"55e0c9e\" data-element_type=\"widget\" data-widget_type=\"image.default\">\n\t\t\t\t<div class=\"elementor-widget-container\">\n\t\t\t\t\t\t\t\t\t\t\t\t\t\t\t<img loading=\"lazy\" decoding=\"async\" width=\"742\" height=\"923\" src=\"https:\/\/desireederidder.com.ar\/wp-content\/uploads\/2022\/07\/A9R1kcfflj_xdh7s6_4gk-copia.webp\" class=\"attachment-large size-large wp-image-10\" alt=\"\" srcset=\"https:\/\/desireederidder.com.ar\/wp-content\/uploads\/2022\/07\/A9R1kcfflj_xdh7s6_4gk-copia.webp 742w, https:\/\/desireederidder.com.ar\/wp-content\/uploads\/2022\/07\/A9R1kcfflj_xdh7s6_4gk-copia-241x300.webp 241w\" sizes=\"(max-width: 742px) 100vw, 742px\" \/>\t\t\t\t\t\t\t\t\t\t\t\t\t\t\t<\/div>\n\t\t\t\t<\/div>\n\t\t\t\t\t<\/div>\n\t\t<\/div>\n\t\t\t\t\t<\/div>\n\t\t<\/section>\n\t\t\t\t<\/div>","protected":false},"excerpt":{"rendered":"<p>CALVARESI EL GRITO DE ALARMA ESPERAN \/ WAITING FOR THE ALARM CRY Elena Tavelli2018 Dicen que en tanto la vida [&hellip;]<\/p>","protected":false},"author":1,"featured_media":0,"parent":0,"menu_order":0,"comment_status":"closed","ping_status":"closed","template":"elementor_header_footer","meta":{"site-sidebar-layout":"default","site-content-layout":"","ast-site-content-layout":"default","site-content-style":"default","site-sidebar-style":"default","ast-global-header-display":"","ast-banner-title-visibility":"","ast-main-header-display":"","ast-hfb-above-header-display":"","ast-hfb-below-header-display":"","ast-hfb-mobile-header-display":"","site-post-title":"","ast-breadcrumbs-content":"","ast-featured-img":"","footer-sml-layout":"","theme-transparent-header-meta":"","adv-header-id-meta":"","stick-header-meta":"","header-above-stick-meta":"","header-main-stick-meta":"","header-below-stick-meta":"","astra-migrate-meta-layouts":"default","ast-page-background-enabled":"default","ast-page-background-meta":{"desktop":{"background-color":"var(--ast-global-color-5)","background-image":"","background-repeat":"repeat","background-position":"center center","background-size":"auto","background-attachment":"scroll","background-type":"","background-media":"","overlay-type":"","overlay-color":"","overlay-opacity":"","overlay-gradient":""},"tablet":{"background-color":"","background-image":"","background-repeat":"repeat","background-position":"center center","background-size":"auto","background-attachment":"scroll","background-type":"","background-media":"","overlay-type":"","overlay-color":"","overlay-opacity":"","overlay-gradient":""},"mobile":{"background-color":"","background-image":"","background-repeat":"repeat","background-position":"center center","background-size":"auto","background-attachment":"scroll","background-type":"","background-media":"","overlay-type":"","overlay-color":"","overlay-opacity":"","overlay-gradient":""}},"ast-content-background-meta":{"desktop":{"background-color":"var(--ast-global-color-4)","background-image":"","background-repeat":"repeat","background-position":"center center","background-size":"auto","background-attachment":"scroll","background-type":"","background-media":"","overlay-type":"","overlay-color":"","overlay-opacity":"","overlay-gradient":""},"tablet":{"background-color":"var(--ast-global-color-4)","background-image":"","background-repeat":"repeat","background-position":"center center","background-size":"auto","background-attachment":"scroll","background-type":"","background-media":"","overlay-type":"","overlay-color":"","overlay-opacity":"","overlay-gradient":""},"mobile":{"background-color":"var(--ast-global-color-4)","background-image":"","background-repeat":"repeat","background-position":"center center","background-size":"auto","background-attachment":"scroll","background-type":"","background-media":"","overlay-type":"","overlay-color":"","overlay-opacity":"","overlay-gradient":""}},"footnotes":""},"class_list":["post-474","page","type-page","status-publish","hentry"],"aioseo_notices":[],"yoast_head":"<!-- This site is optimized with the Yoast SEO plugin v25.8 - https:\/\/yoast.com\/wordpress\/plugins\/seo\/ -->\n<title>EXHIBITIONS \/ CALVARESI - DESIREE DE RIDDER<\/title>\n<meta name=\"robots\" content=\"index, follow, max-snippet:-1, max-image-preview:large, max-video-preview:-1\" \/>\n<link rel=\"canonical\" href=\"https:\/\/desireederidder.com.ar\/es\/exhibitions-calvaresi\/\" \/>\n<meta property=\"og:locale\" content=\"es_ES\" \/>\n<meta property=\"og:type\" content=\"article\" \/>\n<meta property=\"og:title\" content=\"EXHIBITIONS \/ CALVARESI - DESIREE DE RIDDER\" \/>\n<meta property=\"og:description\" content=\"CALVARESI EL GRITO DE ALARMA ESPERAN \/ WAITING FOR THE ALARM CRY Elena Tavelli2018 Dicen que en tanto la vida [&hellip;]\" \/>\n<meta property=\"og:url\" content=\"https:\/\/desireederidder.com.ar\/es\/exhibitions-calvaresi\/\" \/>\n<meta property=\"og:site_name\" content=\"DESIREE DE RIDDER\" \/>\n<meta property=\"article:modified_time\" content=\"2022-07-15T16:15:30+00:00\" \/>\n<meta property=\"og:image\" content=\"https:\/\/desireederidder.com.ar\/wp-content\/uploads\/2022\/07\/A9R1qj8zg3_xdh7ru_4gk-copia.webp\" \/>\n<meta name=\"twitter:card\" content=\"summary_large_image\" \/>\n<meta name=\"twitter:label1\" content=\"Tiempo de lectura\" \/>\n\t<meta name=\"twitter:data1\" content=\"4 minutes\" \/>\n<script type=\"application\/ld+json\" class=\"yoast-schema-graph\">{\"@context\":\"https:\/\/schema.org\",\"@graph\":[{\"@type\":\"WebPage\",\"@id\":\"https:\/\/desireederidder.com.ar\/exhibitions-calvaresi\/\",\"url\":\"https:\/\/desireederidder.com.ar\/exhibitions-calvaresi\/\",\"name\":\"EXHIBITIONS \/ CALVARESI - DESIREE DE RIDDER\",\"isPartOf\":{\"@id\":\"https:\/\/sibesite.com\/desiree2\/#website\"},\"primaryImageOfPage\":{\"@id\":\"https:\/\/desireederidder.com.ar\/exhibitions-calvaresi\/#primaryimage\"},\"image\":{\"@id\":\"https:\/\/desireederidder.com.ar\/exhibitions-calvaresi\/#primaryimage\"},\"thumbnailUrl\":\"https:\/\/desireederidder.com.ar\/wp-content\/uploads\/2022\/07\/A9R1qj8zg3_xdh7ru_4gk-copia.webp\",\"datePublished\":\"2022-07-12T01:07:26+00:00\",\"dateModified\":\"2022-07-15T16:15:30+00:00\",\"breadcrumb\":{\"@id\":\"https:\/\/desireederidder.com.ar\/exhibitions-calvaresi\/#breadcrumb\"},\"inLanguage\":\"es-AR\",\"potentialAction\":[{\"@type\":\"ReadAction\",\"target\":[\"https:\/\/desireederidder.com.ar\/exhibitions-calvaresi\/\"]}]},{\"@type\":\"ImageObject\",\"inLanguage\":\"es-AR\",\"@id\":\"https:\/\/desireederidder.com.ar\/exhibitions-calvaresi\/#primaryimage\",\"url\":\"https:\/\/desireederidder.com.ar\/wp-content\/uploads\/2022\/07\/A9R1qj8zg3_xdh7ru_4gk-copia.webp\",\"contentUrl\":\"https:\/\/desireederidder.com.ar\/wp-content\/uploads\/2022\/07\/A9R1qj8zg3_xdh7ru_4gk-copia.webp\"},{\"@type\":\"BreadcrumbList\",\"@id\":\"https:\/\/desireederidder.com.ar\/exhibitions-calvaresi\/#breadcrumb\",\"itemListElement\":[{\"@type\":\"ListItem\",\"position\":1,\"name\":\"Portada\",\"item\":\"https:\/\/desireederidder.com.ar\/\"},{\"@type\":\"ListItem\",\"position\":2,\"name\":\"EXHIBITIONS \/ CALVARESI\"}]},{\"@type\":\"WebSite\",\"@id\":\"https:\/\/sibesite.com\/desiree2\/#website\",\"url\":\"https:\/\/sibesite.com\/desiree2\/\",\"name\":\"DESIREE DE RIDDER\",\"description\":\"\",\"potentialAction\":[{\"@type\":\"SearchAction\",\"target\":{\"@type\":\"EntryPoint\",\"urlTemplate\":\"https:\/\/sibesite.com\/desiree2\/?s={search_term_string}\"},\"query-input\":{\"@type\":\"PropertyValueSpecification\",\"valueRequired\":true,\"valueName\":\"search_term_string\"}}],\"inLanguage\":\"es-AR\"}]}<\/script>\n<!-- \/ Yoast SEO plugin. -->","yoast_head_json":{"title":"EXHIBITIONS \/ CALVARESI - DESIREE DE RIDDER","robots":{"index":"index","follow":"follow","max-snippet":"max-snippet:-1","max-image-preview":"max-image-preview:large","max-video-preview":"max-video-preview:-1"},"canonical":"https:\/\/desireederidder.com.ar\/es\/exhibitions-calvaresi\/","og_locale":"es_ES","og_type":"article","og_title":"EXHIBITIONS \/ CALVARESI - DESIREE DE RIDDER","og_description":"CALVARESI EL GRITO DE ALARMA ESPERAN \/ WAITING FOR THE ALARM CRY Elena Tavelli2018 Dicen que en tanto la vida [&hellip;]","og_url":"https:\/\/desireederidder.com.ar\/es\/exhibitions-calvaresi\/","og_site_name":"DESIREE DE RIDDER","article_modified_time":"2022-07-15T16:15:30+00:00","og_image":[{"url":"https:\/\/desireederidder.com.ar\/wp-content\/uploads\/2022\/07\/A9R1qj8zg3_xdh7ru_4gk-copia.webp","type":"","width":"","height":""}],"twitter_card":"summary_large_image","twitter_misc":{"Tiempo de lectura":"4 minutes"},"schema":{"@context":"https:\/\/schema.org","@graph":[{"@type":"WebPage","@id":"https:\/\/desireederidder.com.ar\/exhibitions-calvaresi\/","url":"https:\/\/desireederidder.com.ar\/exhibitions-calvaresi\/","name":"EXHIBITIONS \/ CALVARESI - DESIREE DE RIDDER","isPartOf":{"@id":"https:\/\/sibesite.com\/desiree2\/#website"},"primaryImageOfPage":{"@id":"https:\/\/desireederidder.com.ar\/exhibitions-calvaresi\/#primaryimage"},"image":{"@id":"https:\/\/desireederidder.com.ar\/exhibitions-calvaresi\/#primaryimage"},"thumbnailUrl":"https:\/\/desireederidder.com.ar\/wp-content\/uploads\/2022\/07\/A9R1qj8zg3_xdh7ru_4gk-copia.webp","datePublished":"2022-07-12T01:07:26+00:00","dateModified":"2022-07-15T16:15:30+00:00","breadcrumb":{"@id":"https:\/\/desireederidder.com.ar\/exhibitions-calvaresi\/#breadcrumb"},"inLanguage":"es-AR","potentialAction":[{"@type":"ReadAction","target":["https:\/\/desireederidder.com.ar\/exhibitions-calvaresi\/"]}]},{"@type":"ImageObject","inLanguage":"es-AR","@id":"https:\/\/desireederidder.com.ar\/exhibitions-calvaresi\/#primaryimage","url":"https:\/\/desireederidder.com.ar\/wp-content\/uploads\/2022\/07\/A9R1qj8zg3_xdh7ru_4gk-copia.webp","contentUrl":"https:\/\/desireederidder.com.ar\/wp-content\/uploads\/2022\/07\/A9R1qj8zg3_xdh7ru_4gk-copia.webp"},{"@type":"BreadcrumbList","@id":"https:\/\/desireederidder.com.ar\/exhibitions-calvaresi\/#breadcrumb","itemListElement":[{"@type":"ListItem","position":1,"name":"Portada","item":"https:\/\/desireederidder.com.ar\/"},{"@type":"ListItem","position":2,"name":"EXHIBITIONS \/ CALVARESI"}]},{"@type":"WebSite","@id":"https:\/\/sibesite.com\/desiree2\/#website","url":"https:\/\/sibesite.com\/desiree2\/","name":"DESIREE DE RIDDER","description":"","potentialAction":[{"@type":"SearchAction","target":{"@type":"EntryPoint","urlTemplate":"https:\/\/sibesite.com\/desiree2\/?s={search_term_string}"},"query-input":{"@type":"PropertyValueSpecification","valueRequired":true,"valueName":"search_term_string"}}],"inLanguage":"es-AR"}]}},"_links":{"self":[{"href":"https:\/\/desireederidder.com.ar\/es\/wp-json\/wp\/v2\/pages\/474","targetHints":{"allow":["GET"]}}],"collection":[{"href":"https:\/\/desireederidder.com.ar\/es\/wp-json\/wp\/v2\/pages"}],"about":[{"href":"https:\/\/desireederidder.com.ar\/es\/wp-json\/wp\/v2\/types\/page"}],"author":[{"embeddable":true,"href":"https:\/\/desireederidder.com.ar\/es\/wp-json\/wp\/v2\/users\/1"}],"replies":[{"embeddable":true,"href":"https:\/\/desireederidder.com.ar\/es\/wp-json\/wp\/v2\/comments?post=474"}],"version-history":[{"count":13,"href":"https:\/\/desireederidder.com.ar\/es\/wp-json\/wp\/v2\/pages\/474\/revisions"}],"predecessor-version":[{"id":706,"href":"https:\/\/desireederidder.com.ar\/es\/wp-json\/wp\/v2\/pages\/474\/revisions\/706"}],"wp:attachment":[{"href":"https:\/\/desireederidder.com.ar\/es\/wp-json\/wp\/v2\/media?parent=474"}],"curies":[{"name":"wp","href":"https:\/\/api.w.org\/{rel}","templated":true}]}}