{"id":494,"date":"2022-07-12T20:05:59","date_gmt":"2022-07-12T20:05:59","guid":{"rendered":"https:\/\/sibesite.com\/desiree2\/?page_id=494"},"modified":"2022-07-20T02:04:54","modified_gmt":"2022-07-20T02:04:54","slug":"cv","status":"publish","type":"page","link":"https:\/\/desireederidder.com.ar\/es\/cv\/","title":{"rendered":"CV"},"content":{"rendered":"<div data-elementor-type=\"wp-page\" data-elementor-id=\"494\" class=\"elementor elementor-494\" data-elementor-post-type=\"page\">\n\t\t\t\t\t\t<section class=\"elementor-section elementor-top-section elementor-element elementor-element-4119c99 elementor-section-full_width elementor-section-height-default elementor-section-height-default\" data-id=\"4119c99\" data-element_type=\"section\">\n\t\t\t\t\t\t<div class=\"elementor-container elementor-column-gap-no\">\n\t\t\t\t\t<div class=\"elementor-column elementor-col-100 elementor-top-column elementor-element elementor-element-91b07ab\" data-id=\"91b07ab\" data-element_type=\"column\">\n\t\t\t<div class=\"elementor-widget-wrap elementor-element-populated\">\n\t\t\t\t\t\t<section class=\"elementor-section elementor-inner-section elementor-element elementor-element-8388007 elementor-section-boxed elementor-section-height-default elementor-section-height-default\" data-id=\"8388007\" data-element_type=\"section\">\n\t\t\t\t\t\t<div class=\"elementor-container elementor-column-gap-default\">\n\t\t\t\t\t<div class=\"elementor-column elementor-col-50 elementor-inner-column elementor-element elementor-element-0267a14 elementor-hidden-mobile\" data-id=\"0267a14\" data-element_type=\"column\">\n\t\t\t<div class=\"elementor-widget-wrap elementor-element-populated\">\n\t\t\t\t\t\t<div class=\"elementor-element elementor-element-7471d6e elementor-widget elementor-widget-heading\" data-id=\"7471d6e\" data-element_type=\"widget\" data-widget_type=\"heading.default\">\n\t\t\t\t<div class=\"elementor-widget-container\">\n\t\t\t\t\t<h2 class=\"elementor-heading-title elementor-size-default\">CV<\/h2>\t\t\t\t<\/div>\n\t\t\t\t<\/div>\n\t\t\t\t\t<\/div>\n\t\t<\/div>\n\t\t\t\t<div class=\"elementor-column elementor-col-50 elementor-inner-column elementor-element elementor-element-ae7bdc5\" data-id=\"ae7bdc5\" data-element_type=\"column\">\n\t\t\t<div class=\"elementor-widget-wrap elementor-element-populated\">\n\t\t\t\t\t\t<div class=\"elementor-element elementor-element-dc6421d elementor-align-right elementor-widget elementor-widget-breadcrumbs\" data-id=\"dc6421d\" data-element_type=\"widget\" data-widget_type=\"breadcrumbs.default\">\n\t\t\t\t<div class=\"elementor-widget-container\">\n\t\t\t\t\t<p id=\"breadcrumbs\"><span><span><a href=\"https:\/\/desireederidder.com.ar\/es\/\">Portada<\/a><\/span><\/span><\/p>\t\t\t\t<\/div>\n\t\t\t\t<\/div>\n\t\t\t\t\t<\/div>\n\t\t<\/div>\n\t\t\t\t\t<\/div>\n\t\t<\/section>\n\t\t\t\t\t<\/div>\n\t\t<\/div>\n\t\t\t\t\t<\/div>\n\t\t<\/section>\n\t\t\t\t<section class=\"elementor-section elementor-top-section elementor-element elementor-element-147b1d6 elementor-section-boxed elementor-section-height-default elementor-section-height-default\" data-id=\"147b1d6\" data-element_type=\"section\">\n\t\t\t\t\t\t<div class=\"elementor-container elementor-column-gap-default\">\n\t\t\t\t\t<div class=\"elementor-column elementor-col-100 elementor-top-column elementor-element elementor-element-60ca45d\" data-id=\"60ca45d\" data-element_type=\"column\">\n\t\t\t<div class=\"elementor-widget-wrap elementor-element-populated\">\n\t\t\t\t\t\t<div class=\"elementor-element elementor-element-896b60e elementor-widget elementor-widget-heading\" data-id=\"896b60e\" data-element_type=\"widget\" data-widget_type=\"heading.default\">\n\t\t\t\t<div class=\"elementor-widget-container\">\n\t\t\t\t\t<h2 class=\"elementor-heading-title elementor-size-default\">CV<\/h2>\t\t\t\t<\/div>\n\t\t\t\t<\/div>\n\t\t\t\t<div class=\"elementor-element elementor-element-d86f4e4 elementor-widget elementor-widget-text-editor\" data-id=\"d86f4e4\" data-element_type=\"widget\" data-widget_type=\"text-editor.default\">\n\t\t\t\t<div class=\"elementor-widget-container\">\n\t\t\t\t\t\t\t\t\t<p><b>DESIR\u00c9E DE RIDDER<br \/>BUENOS AIRES, 1971<\/b><br \/><b>WWW.DESIREEDERIDDER.COM.AR<br \/><\/b><br \/><b>Studies<\/b><br \/><b>1991-1995 <\/b>Fine Art School, Prilidiano Pueyrred\u00f3n (UNA).<br \/><b>1999 <\/b>Drawing Animation, Central Saint Martins College of Art and Design, London, UK.<br \/><b>2018 <\/b>Art Residency, Taller Coatlicue, Oaxaca, Mexico.<br \/><b>2020 <\/b>Art Residency, Castello di Potentino, Tuscany, Italy.<br \/><b>2021 <\/b>Art Residency, The Collective 62, Miami, USA.<br \/><br \/><b>Solo Exhibitions<\/b><br \/><b>2021 <\/b>Naturaleza Sagrada. Oda Gallery, Buenos Aires, Argentina.<br \/><b>2019 <\/b>Grita la Tierra. Museum of Fine Arts, Lincoln, Argentina.<br \/><b>2018 <\/b>El grito de alarma esperan. Calvaresi Gallery, Buenos Aires, Argentina.<br \/><b>2017 <\/b>Acuchilla una piedra. Urbano Poggi Museum, Rafaela, Santa Fe.<br \/><b>2016 <\/b>Exodo. Elsi del Rio Gallery, Buenos Aires, Argentina.<br \/><b>2014 <\/b>Desir\u00e9e De Ridder. Mujica L\u00e1inez Museum, C\u00f3rdoba, Argentina.<br \/><b>2013 <\/b>Desir\u00e9e De Ridder Instalaciones. Pabell\u00f3n de las e Bellas Artes, UCA, Bs As.<br \/><b>2010 <\/b>21 gramos esenciales. La Guanaca Azul Gallery, Buenos Aires, Argentina.<br \/><b>2009 <\/b>Animales Argentinos. Instalaci\u00f3n. Metropolitan Museum, Buenos Aires, Argentina.<br \/><b>2008 <\/b>Patrimonio Animal, instalaci\u00f3n. Metropolitan Museum, Buenos Aires, Arg.<br \/><b>2007 <\/b>Pinguinera, instalaci\u00f3n. Javier Bali\u00f1a Gallery, Buenos Aires, Argentina.<br \/><b>2006 <\/b>Javier Bali\u00f1a Gallery, Sculptures, Buenos Aires, Argentina.<br \/><b>2001 <\/b>Halle Pajol, Paris, France.<br \/><b>2000 <\/b>Galerie Argentine. Argentinian Embassy, Paris, France.<br \/>Centro Cultural San Salvador de Jujuy. Jujuy, Argentina.<br \/><b>1998 <\/b>Halle Pajol. Paris, France.<br \/><br \/><b>Awards and distinctions<\/b><br \/><b>2018 <\/b>Receives the Municipal Found of Arts from Tigre Municipality.<br \/><b>2017 <\/b>Jury at National Visual Arts Prize\u2013 Ceramics. Argentina<br \/>National Cultural Ministry, Palais de Glace, Buenos Aires, Argentina.<br \/><b>2016 <\/b>Third Prize in the National Salon of Visual Arts (Ceramics) Argentina.<br \/><b>2015 <\/b>Premio Fundaci\u00f3n Andreani a las Artes Visuales (selected)<br \/><b>2014 <\/b>103\u00b0 Sal\u00f3n Nacional de Artes Visuales \u2013 Ceramics (selected). National Cultural Ministry, Palais de Glace, Buenos Aires, Argentina.<br \/><b>2013 <\/b>Municipality of San Isidro Award. (1st mention).<br \/><b>2009 <\/b>98\u00b0 Sal\u00f3n Nacional de Artes Visuales \u2013 Ceramics (selected). National Cultural Ministry, Palais de Glace, Buenos Aires, Argentina.<br \/><b>2006 <\/b>Sal\u00f3n Anual de Cer\u00e1mica (selected). Centro de Museos de Buenos Aires<br \/>XXIII Sal\u00f3n de Nuevos Artistas \u2013 Cer\u00e1mica (selected). Bolsa de Comercio de Buenos Aires<br \/><br \/><strong>Collective exhibitions<\/strong><br \/><b>2022 <\/b>Arte Co, El Rancho de la Cambicha (site-specific).Corrientes, Argentina.<br \/><b>2021 <\/b>Pinta Miami, Oda Gallery, Miami, USA.<br \/><b>2020 <\/b>Esculturas en el Jard\u00edn, Larreta Museum, Buenos Aires, Argentina.<br \/><b>2018 <\/b>La otra mitad del arte, Philippe Cyroulnik curatorship, Centro Cultural Borges<br \/><b>2017 <\/b>FACA, Ambos Mundos, Buenos Aires, Argentina.<br \/><b>2016 <\/b>R\u00e9quiem para una historia. Cecilia Caballero Gallery, Buenos Aires, Argentina.<br \/>105\u00b0 Sal\u00f3n Nacional a las Artes Visuales \u2013 Cer\u00e1mica (3rd Prize). Palais de Glace, Buenos Aires, Argentina.<br \/><b>2015 <\/b>Maras. Andreani Foundation Award for the Visual Arts. Centro Cultural Borges, Buenos Aires, Argentina.<br \/>Po\u00e9ticas del Buen Salvaje. De Ridder-Orlowski. Praxis Gallery, Buenos Aires, Argentina.<br \/>Dise\u00f1o de Ra\u00edz. Dise\u00f1adores Argentinos Contempor\u00e1neos. S\u00edvori Museum, Buenos Aires, Argentina.<br \/>Ivera. Museo Provincial de Bellas Artes, Corrientes, Argentina.<br \/><b>2014 <\/b>ArteBa, Zavaleta Lab. Buenos Aires, Argentina.<br \/>103\u00b0 Sal\u00f3n Nacional de Artes Visuales \u2013 Ceramics. Palais de Glace, Buenos Aires, Argentina.<br \/><b>2013<\/b> Casa Foa, Espacio Artes y Oficios. Palacio Tornquist, Buenos Aires, Argentina.<br \/>Municipality of San Isidro Award (1st Mention).<br \/><b>2012 <\/b>Galer\u00eda Grillo Art. Punta Del Este, Uruguay.<br \/>Arte &amp; Dise\u00f1o Utilitario, Pabell\u00f3n de las Bellas Artes. UCA, Buenos Aires, Argentina.<br \/>Annual auction El Arca. Malba-Fundaci\u00f3n Costantini, Buenos Aires, Argentina.<br \/>Ch.aco Fair, C-Arte Gallery. Santiago de Chile, Chile.<br \/>EGGO, Solange Guez Gallery. Centro Cultural Recoleta, Buenos Aires, Argentina.<br \/>J\u00f3venes artistas, Subasta a beneficio de Esclerosis M\u00faltiple Argentina.<br \/>Daniel Maman Gallery, Buenos Aires, Argentina.<br \/>Annual Auction El Arca. Malba-Fundaci\u00f3n Costantini, Buenos Aires, Argentina.<br \/><b>2009 <\/b>98\u00b0 Sal\u00f3n Nacional de Artes Visuales \u2013 Ceramics. Palais de Glace, Buenos Aires, Argentina.<br \/>Annual auction El Arca. Malba-Fundaci\u00f3n Costantini, Buenos Aires, Arg.<br \/><b>2008 <\/b>Mantis. Galer\u00eda Objeto-a (sculptures), Buenos Aires, Argentina.<br \/>Flora &amp; Fauna. Galer\u00eda Jard\u00edn Luminoso (sculptures), Buenos Aires, Arg.<br \/><b>2006<\/b> Sal\u00f3n Anual de Cer\u00e1mica. Centro de Museos de Buenos Aires, Argentina.<br \/>XXIII Sal\u00f3n de Nuevos Artistas (ceramic). Bolsa de Comercio de Bs As, Arg.<br \/>Procesiones. Museum of Contemporary Art (MAC), Salta, Argentina.<\/p>\t\t\t\t\t\t\t\t<\/div>\n\t\t\t\t<\/div>\n\t\t\t\t\t<\/div>\n\t\t<\/div>\n\t\t\t\t\t<\/div>\n\t\t<\/section>\n\t\t\t\t<\/div>","protected":false},"excerpt":{"rendered":"<p>CV CV DESIR\u00c9E DE RIDDERBUENOS AIRES, 1971WWW.DESIREEDERIDDER.COM.ARStudies1991-1995 Fine Art School, Prilidiano Pueyrred\u00f3n (UNA).1999 Drawing Animation, Central Saint Martins College of [&hellip;]<\/p>","protected":false},"author":1,"featured_media":0,"parent":0,"menu_order":0,"comment_status":"closed","ping_status":"closed","template":"elementor_header_footer","meta":{"site-sidebar-layout":"default","site-content-layout":"","ast-site-content-layout":"default","site-content-style":"default","site-sidebar-style":"default","ast-global-header-display":"","ast-banner-title-visibility":"","ast-main-header-display":"","ast-hfb-above-header-display":"","ast-hfb-below-header-display":"","ast-hfb-mobile-header-display":"","site-post-title":"","ast-breadcrumbs-content":"","ast-featured-img":"","footer-sml-layout":"","theme-transparent-header-meta":"","adv-header-id-meta":"","stick-header-meta":"","header-above-stick-meta":"","header-main-stick-meta":"","header-below-stick-meta":"","astra-migrate-meta-layouts":"default","ast-page-background-enabled":"default","ast-page-background-meta":{"desktop":{"background-color":"var(--ast-global-color-5)","background-image":"","background-repeat":"repeat","background-position":"center center","background-size":"auto","background-attachment":"scroll","background-type":"","background-media":"","overlay-type":"","overlay-color":"","overlay-opacity":"","overlay-gradient":""},"tablet":{"background-color":"","background-image":"","background-repeat":"repeat","background-position":"center center","background-size":"auto","background-attachment":"scroll","background-type":"","background-media":"","overlay-type":"","overlay-color":"","overlay-opacity":"","overlay-gradient":""},"mobile":{"background-color":"","background-image":"","background-repeat":"repeat","background-position":"center center","background-size":"auto","background-attachment":"scroll","background-type":"","background-media":"","overlay-type":"","overlay-color":"","overlay-opacity":"","overlay-gradient":""}},"ast-content-background-meta":{"desktop":{"background-color":"var(--ast-global-color-4)","background-image":"","background-repeat":"repeat","background-position":"center center","background-size":"auto","background-attachment":"scroll","background-type":"","background-media":"","overlay-type":"","overlay-color":"","overlay-opacity":"","overlay-gradient":""},"tablet":{"background-color":"var(--ast-global-color-4)","background-image":"","background-repeat":"repeat","background-position":"center center","background-size":"auto","background-attachment":"scroll","background-type":"","background-media":"","overlay-type":"","overlay-color":"","overlay-opacity":"","overlay-gradient":""},"mobile":{"background-color":"var(--ast-global-color-4)","background-image":"","background-repeat":"repeat","background-position":"center center","background-size":"auto","background-attachment":"scroll","background-type":"","background-media":"","overlay-type":"","overlay-color":"","overlay-opacity":"","overlay-gradient":""}},"footnotes":""},"class_list":["post-494","page","type-page","status-publish","hentry"],"aioseo_notices":[],"yoast_head":"<!-- This site is optimized with the Yoast SEO plugin v25.8 - https:\/\/yoast.com\/wordpress\/plugins\/seo\/ -->\n<title>CV - DESIREE DE RIDDER<\/title>\n<meta name=\"robots\" content=\"index, follow, max-snippet:-1, max-image-preview:large, max-video-preview:-1\" \/>\n<link rel=\"canonical\" href=\"https:\/\/desireederidder.com.ar\/es\/cv\/\" \/>\n<meta property=\"og:locale\" content=\"es_ES\" \/>\n<meta property=\"og:type\" content=\"article\" \/>\n<meta property=\"og:title\" content=\"CV - DESIREE DE RIDDER\" \/>\n<meta property=\"og:description\" content=\"CV CV DESIR\u00c9E DE RIDDERBUENOS AIRES, 1971WWW.DESIREEDERIDDER.COM.ARStudies1991-1995 Fine Art School, Prilidiano Pueyrred\u00f3n (UNA).1999 Drawing Animation, Central Saint Martins College of [&hellip;]\" \/>\n<meta property=\"og:url\" content=\"https:\/\/desireederidder.com.ar\/es\/cv\/\" \/>\n<meta property=\"og:site_name\" content=\"DESIREE DE RIDDER\" \/>\n<meta property=\"article:modified_time\" content=\"2022-07-20T02:04:54+00:00\" \/>\n<meta name=\"twitter:card\" content=\"summary_large_image\" \/>\n<meta name=\"twitter:label1\" content=\"Tiempo de lectura\" \/>\n\t<meta name=\"twitter:data1\" content=\"3 minutes\" \/>\n<script type=\"application\/ld+json\" class=\"yoast-schema-graph\">{\"@context\":\"https:\/\/schema.org\",\"@graph\":[{\"@type\":\"WebPage\",\"@id\":\"https:\/\/desireederidder.com.ar\/cv\/\",\"url\":\"https:\/\/desireederidder.com.ar\/cv\/\",\"name\":\"CV - DESIREE DE RIDDER\",\"isPartOf\":{\"@id\":\"https:\/\/sibesite.com\/desiree2\/#website\"},\"datePublished\":\"2022-07-12T20:05:59+00:00\",\"dateModified\":\"2022-07-20T02:04:54+00:00\",\"breadcrumb\":{\"@id\":\"https:\/\/desireederidder.com.ar\/cv\/#breadcrumb\"},\"inLanguage\":\"es-AR\",\"potentialAction\":[{\"@type\":\"ReadAction\",\"target\":[\"https:\/\/desireederidder.com.ar\/cv\/\"]}]},{\"@type\":\"BreadcrumbList\",\"@id\":\"https:\/\/desireederidder.com.ar\/cv\/#breadcrumb\",\"itemListElement\":[{\"@type\":\"ListItem\",\"position\":1,\"name\":\"Portada\",\"item\":\"https:\/\/desireederidder.com.ar\/\"},{\"@type\":\"ListItem\",\"position\":2,\"name\":\"CV\"}]},{\"@type\":\"WebSite\",\"@id\":\"https:\/\/sibesite.com\/desiree2\/#website\",\"url\":\"https:\/\/sibesite.com\/desiree2\/\",\"name\":\"DESIREE DE RIDDER\",\"description\":\"\",\"potentialAction\":[{\"@type\":\"SearchAction\",\"target\":{\"@type\":\"EntryPoint\",\"urlTemplate\":\"https:\/\/sibesite.com\/desiree2\/?s={search_term_string}\"},\"query-input\":{\"@type\":\"PropertyValueSpecification\",\"valueRequired\":true,\"valueName\":\"search_term_string\"}}],\"inLanguage\":\"es-AR\"}]}<\/script>\n<!-- \/ Yoast SEO plugin. -->","yoast_head_json":{"title":"CV - DESIREE DE RIDDER","robots":{"index":"index","follow":"follow","max-snippet":"max-snippet:-1","max-image-preview":"max-image-preview:large","max-video-preview":"max-video-preview:-1"},"canonical":"https:\/\/desireederidder.com.ar\/es\/cv\/","og_locale":"es_ES","og_type":"article","og_title":"CV - DESIREE DE RIDDER","og_description":"CV CV DESIR\u00c9E DE RIDDERBUENOS AIRES, 1971WWW.DESIREEDERIDDER.COM.ARStudies1991-1995 Fine Art School, Prilidiano Pueyrred\u00f3n (UNA).1999 Drawing Animation, Central Saint Martins College of [&hellip;]","og_url":"https:\/\/desireederidder.com.ar\/es\/cv\/","og_site_name":"DESIREE DE RIDDER","article_modified_time":"2022-07-20T02:04:54+00:00","twitter_card":"summary_large_image","twitter_misc":{"Tiempo de lectura":"3 minutes"},"schema":{"@context":"https:\/\/schema.org","@graph":[{"@type":"WebPage","@id":"https:\/\/desireederidder.com.ar\/cv\/","url":"https:\/\/desireederidder.com.ar\/cv\/","name":"CV - DESIREE DE RIDDER","isPartOf":{"@id":"https:\/\/sibesite.com\/desiree2\/#website"},"datePublished":"2022-07-12T20:05:59+00:00","dateModified":"2022-07-20T02:04:54+00:00","breadcrumb":{"@id":"https:\/\/desireederidder.com.ar\/cv\/#breadcrumb"},"inLanguage":"es-AR","potentialAction":[{"@type":"ReadAction","target":["https:\/\/desireederidder.com.ar\/cv\/"]}]},{"@type":"BreadcrumbList","@id":"https:\/\/desireederidder.com.ar\/cv\/#breadcrumb","itemListElement":[{"@type":"ListItem","position":1,"name":"Portada","item":"https:\/\/desireederidder.com.ar\/"},{"@type":"ListItem","position":2,"name":"CV"}]},{"@type":"WebSite","@id":"https:\/\/sibesite.com\/desiree2\/#website","url":"https:\/\/sibesite.com\/desiree2\/","name":"DESIREE DE RIDDER","description":"","potentialAction":[{"@type":"SearchAction","target":{"@type":"EntryPoint","urlTemplate":"https:\/\/sibesite.com\/desiree2\/?s={search_term_string}"},"query-input":{"@type":"PropertyValueSpecification","valueRequired":true,"valueName":"search_term_string"}}],"inLanguage":"es-AR"}]}},"_links":{"self":[{"href":"https:\/\/desireederidder.com.ar\/es\/wp-json\/wp\/v2\/pages\/494","targetHints":{"allow":["GET"]}}],"collection":[{"href":"https:\/\/desireederidder.com.ar\/es\/wp-json\/wp\/v2\/pages"}],"about":[{"href":"https:\/\/desireederidder.com.ar\/es\/wp-json\/wp\/v2\/types\/page"}],"author":[{"embeddable":true,"href":"https:\/\/desireederidder.com.ar\/es\/wp-json\/wp\/v2\/users\/1"}],"replies":[{"embeddable":true,"href":"https:\/\/desireederidder.com.ar\/es\/wp-json\/wp\/v2\/comments?post=494"}],"version-history":[{"count":22,"href":"https:\/\/desireederidder.com.ar\/es\/wp-json\/wp\/v2\/pages\/494\/revisions"}],"predecessor-version":[{"id":734,"href":"https:\/\/desireederidder.com.ar\/es\/wp-json\/wp\/v2\/pages\/494\/revisions\/734"}],"wp:attachment":[{"href":"https:\/\/desireederidder.com.ar\/es\/wp-json\/wp\/v2\/media?parent=494"}],"curies":[{"name":"wp","href":"https:\/\/api.w.org\/{rel}","templated":true}]}}