{"id":974,"date":"2025-08-28T11:38:06","date_gmt":"2025-08-28T11:38:06","guid":{"rendered":"https:\/\/desireederidder.com.ar\/?page_id=974"},"modified":"2025-09-04T16:41:26","modified_gmt":"2025-09-04T16:41:26","slug":"nuevo-about","status":"publish","type":"page","link":"https:\/\/desireederidder.com.ar\/es\/nuevo-about\/","title":{"rendered":"Nuevo About"},"content":{"rendered":"<div data-elementor-type=\"wp-page\" data-elementor-id=\"974\" class=\"elementor elementor-974\" data-elementor-post-type=\"page\">\n\t\t\t\t<div class=\"elementor-element elementor-element-5948edf6 e-con-full e-flex e-con e-parent\" data-id=\"5948edf6\" data-element_type=\"container\" data-settings=\"{&quot;background_background&quot;:&quot;classic&quot;}\">\n\t\t\t\t<div class=\"elementor-element elementor-element-7f22a3f1 elementor-widget elementor-widget-heading\" data-id=\"7f22a3f1\" data-element_type=\"widget\" data-widget_type=\"heading.default\">\n\t\t\t\t<div class=\"elementor-widget-container\">\n\t\t\t\t\t<h2 class=\"elementor-heading-title elementor-size-default\">Sobre Desiree<\/h2>\t\t\t\t<\/div>\n\t\t\t\t<\/div>\n\t\t\t\t<\/div>\n\t\t<div class=\"elementor-element elementor-element-3663a0b9 e-flex e-con-boxed e-con e-parent\" data-id=\"3663a0b9\" data-element_type=\"container\">\n\t\t\t\t\t<div class=\"e-con-inner\">\n\t\t\t\t<div class=\"elementor-element elementor-element-0069cf6 elementor-widget__width-initial elementor-widget elementor-widget-heading\" data-id=\"0069cf6\" data-element_type=\"widget\" data-widget_type=\"heading.default\">\n\t\t\t\t<div class=\"elementor-widget-container\">\n\t\t\t\t\t<h2 class=\"elementor-heading-title elementor-size-default\">Mi CV<\/h2>\t\t\t\t<\/div>\n\t\t\t\t<\/div>\n\t\t\t\t<div class=\"elementor-element elementor-element-2cc44001 elementor-widget__width-initial elementor-widget elementor-widget-text-editor\" data-id=\"2cc44001\" data-element_type=\"widget\" data-widget_type=\"text-editor.default\">\n\t\t\t\t<div class=\"elementor-widget-container\">\n\t\t\t\t\t\t\t\t\t<p><strong>Educaci\u00f3n<\/strong><\/p><p>C\u00e1tedra de Pintura, Prilidiano Pueyrred\u00f3n (UNA).<br \/>Buenos Aires. 1990\u20131997<br \/>Animaci\u00f3n, Escuela de Arte Central Saint Martins<br \/>Dise\u00f1o, Londres. 1999<br \/>Asisti\u00f3 a los talleres de Graciela Olio y Alejandra.<br \/>Jones. Buenos Aires.<br \/>Art Residency at Taller Coatlicue, Oaxaca, Mexico.<br \/>2019<br \/>Art Residency at Castello di Potentino, Tuscany, Italy (3<br \/>months). 2020<br \/>Art Residency at The Collective 62, Liberty City,<br \/>Florida, USA (1 month). 2021<br \/>Art Residency at Juana S\u00e1nchez, Colombia (knowledge<br \/>exchange between Argentine and Colombian artists<br \/>and artisans). 2024<br \/>Art Residency at Bacab Veleta, Tulum, Mexico. 2024<br \/>Art Residency at La Sierra Artist Residency, Sierra<br \/>Nevada, Colombia. 2025<br \/>Currently organizes art residencies and sculpture<br \/>seminars at her home studio and teaches as a faculty<br \/>member.<\/p>\t\t\t\t\t\t\t\t<\/div>\n\t\t\t\t<\/div>\n\t\t\t\t\t<\/div>\n\t\t\t\t<\/div>\n\t\t<div class=\"elementor-element elementor-element-997e894 e-flex e-con-boxed e-con e-parent\" data-id=\"997e894\" data-element_type=\"container\">\n\t\t\t\t\t<div class=\"e-con-inner\">\n\t\t\t\t<div class=\"elementor-element elementor-element-1025133a elementor-widget__width-initial elementor-widget elementor-widget-image\" data-id=\"1025133a\" data-element_type=\"widget\" data-widget_type=\"image.default\">\n\t\t\t\t<div class=\"elementor-widget-container\">\n\t\t\t\t\t\t\t\t\t\t\t\t\t\t\t<img fetchpriority=\"high\" decoding=\"async\" width=\"1146\" height=\"899\" src=\"https:\/\/desireederidder.com.ar\/wp-content\/uploads\/2025\/08\/Rectangle-46.png\" class=\"attachment-full size-full wp-image-939\" alt=\"\" srcset=\"https:\/\/desireederidder.com.ar\/wp-content\/uploads\/2025\/08\/Rectangle-46.png 1146w, https:\/\/desireederidder.com.ar\/wp-content\/uploads\/2025\/08\/Rectangle-46-300x235.png 300w, https:\/\/desireederidder.com.ar\/wp-content\/uploads\/2025\/08\/Rectangle-46-1024x803.png 1024w, https:\/\/desireederidder.com.ar\/wp-content\/uploads\/2025\/08\/Rectangle-46-768x602.png 768w\" sizes=\"(max-width: 1146px) 100vw, 1146px\" \/>\t\t\t\t\t\t\t\t\t\t\t\t\t\t\t<\/div>\n\t\t\t\t<\/div>\n\t\t\t\t\t<\/div>\n\t\t\t\t<\/div>\n\t\t<div class=\"elementor-element elementor-element-670a2e6e e-flex e-con-boxed e-con e-parent\" data-id=\"670a2e6e\" data-element_type=\"container\">\n\t\t\t\t\t<div class=\"e-con-inner\">\n\t\t\t\t<div class=\"elementor-element elementor-element-3dd973a3 elementor-widget__width-initial elementor-widget elementor-widget-text-editor\" data-id=\"3dd973a3\" data-element_type=\"widget\" data-widget_type=\"text-editor.default\">\n\t\t\t\t<div class=\"elementor-widget-container\">\n\t\t\t\t\t\t\t\t\t<p><strong>Solo Exhibition<\/strong><br \/><br \/>2025 The Immortality of Memory. Museo de las Artesan\u00edas<br \/>Tradicionales (MAT), Corrientes, Argentina.<br \/>2023 The Origin of the Origin. Museo Contempor\u00e1neo de Salta, Salta,<br \/>Argentina.<br \/>Tributi agli Etruschi. Bottega Ruma, Rome, Italy.<br \/>2022 Sacred Nature. Galer\u00eda Oda, Buenos Aires, Argentina.<br \/>2019 The Earth Screams. Museo Municipal de Bellas Artes, Lincoln,<br \/>Argentina.<br \/>2018 The Alarm Scream Waits. Galer\u00eda Calvaresi, Buenos Aires,<br \/>Argentina.<br \/>2017 Slices a Stone. Sala II, Museo Urbano Poggi, Rafaela, Santa Fe.<br \/>2016 Exodus. Galer\u00eda Elsi del Rio, Buenos Aires, Argentina.<br \/>2014 Desir\u00e9e De Ridder. Museo Mujica L\u00e1inez, C\u00f3rdoba, Argentina.<br \/>2013 Desir\u00e9e De Ridder Installations. Pabell\u00f3n de las Bellas Artes, UCA,<br \/>Buenos Aires, Argentina.<br \/>2010 21 Essential Grams. Galer\u00eda La Guanaca Azul, Buenos Aires,<br \/>Argentina.<br \/>2009 Argentine Animals (Installation). Museo Metropolitano, Buenos<br \/>Aires, Argentina.<br \/>2008 Animal Heritage (Installation). Museo Metropolitano, Buenos Aires,<br \/>Argentina.<br \/>2007 Penguin Colony (Installation). Galer\u00eda Javier Bali\u00f1a, Buenos Aires,<br \/>Argentina.<br \/>2005 Paintings. Arguibel Art, Buenos Aires, Argentina.<br \/>2001 Halle Pajol, Paris, France.<br \/>2000 Galerie Argentine. Argentine Embassy, Paris, France.<br \/>Centro Cultural San Salvador de Jujuy, Jujuy, Argentina.<br \/>1998 Halle Pajol, Paris, France.<\/p>\t\t\t\t\t\t\t\t<\/div>\n\t\t\t\t<\/div>\n\t\t\t\t\t<\/div>\n\t\t\t\t<\/div>\n\t\t<div class=\"elementor-element elementor-element-7d58d835 e-flex e-con-boxed e-con e-parent\" data-id=\"7d58d835\" data-element_type=\"container\">\n\t\t\t\t\t<div class=\"e-con-inner\">\n\t\t\t\t<div class=\"elementor-element elementor-element-6ea723c8 elementor-widget__width-initial elementor-widget elementor-widget-image\" data-id=\"6ea723c8\" data-element_type=\"widget\" data-widget_type=\"image.default\">\n\t\t\t\t<div class=\"elementor-widget-container\">\n\t\t\t\t\t\t\t\t\t\t\t\t\t\t\t<img decoding=\"async\" width=\"827\" height=\"899\" src=\"https:\/\/desireederidder.com.ar\/wp-content\/uploads\/2025\/08\/Rectangle-45.png\" class=\"attachment-full size-full wp-image-941\" alt=\"\" srcset=\"https:\/\/desireederidder.com.ar\/wp-content\/uploads\/2025\/08\/Rectangle-45.png 827w, https:\/\/desireederidder.com.ar\/wp-content\/uploads\/2025\/08\/Rectangle-45-276x300.png 276w, https:\/\/desireederidder.com.ar\/wp-content\/uploads\/2025\/08\/Rectangle-45-768x835.png 768w\" sizes=\"(max-width: 827px) 100vw, 827px\" \/>\t\t\t\t\t\t\t\t\t\t\t\t\t\t\t<\/div>\n\t\t\t\t<\/div>\n\t\t\t\t\t<\/div>\n\t\t\t\t<\/div>\n\t\t<div class=\"elementor-element elementor-element-7e92bbf3 e-flex e-con-boxed e-con e-parent\" data-id=\"7e92bbf3\" data-element_type=\"container\">\n\t\t\t\t\t<div class=\"e-con-inner\">\n\t\t\t\t<div class=\"elementor-element elementor-element-45ffe4af elementor-widget__width-initial elementor-widget elementor-widget-text-editor\" data-id=\"45ffe4af\" data-element_type=\"widget\" data-widget_type=\"text-editor.default\">\n\t\t\t\t<div class=\"elementor-widget-container\">\n\t\t\t\t\t\t\t\t\t<p><strong>Premios y Distinciones<\/strong><br \/><br \/>2018 First Prize in Video Art, C\u00e9firo &#8211; Received the Municipal Arts Fund, Municipality of Tigre<br \/>2017 Member of the Jury, National Visual Arts Salon \u2013 Ceramics. Ministry of Culture of Argentina, Palais de Glace, Buenos Aires.<br \/>2016 Third Prize, 105th National Visual Arts Salon \u2013 Ceramics. Ministry of Culture of Argentina.<br \/>2013 Honorable Mention, Municipality of San Isidro Award<br \/>2015 Selected for the Fundaci\u00f3n Andreani Visual Arts Award<br \/>2014 Selected, 103rd National Visual Arts Salon \u2013 Ceramics<br \/>2009 Selected, 98th National Visual Arts Salon \u2013 Ceramics<br \/>2006 Selected, Annual Ceramics Salon. Centro de Museos de Buenos Aires<br \/>Selected, XXIII Salon of New Artists \u2013 Ceramics. Bolsa de Comercio de Buenos Aires<\/p>\t\t\t\t\t\t\t\t<\/div>\n\t\t\t\t<\/div>\n\t\t\t\t\t<\/div>\n\t\t\t\t<\/div>\n\t\t<div class=\"elementor-element elementor-element-1d6e4c6f e-flex e-con-boxed e-con e-parent\" data-id=\"1d6e4c6f\" data-element_type=\"container\">\n\t\t\t\t\t<div class=\"e-con-inner\">\n\t\t\t\t<div class=\"elementor-element elementor-element-60aca26d elementor-widget__width-initial elementor-widget elementor-widget-image\" data-id=\"60aca26d\" data-element_type=\"widget\" data-widget_type=\"image.default\">\n\t\t\t\t<div class=\"elementor-widget-container\">\n\t\t\t\t\t\t\t\t\t\t\t\t\t\t\t<img decoding=\"async\" width=\"1148\" height=\"987\" src=\"https:\/\/desireederidder.com.ar\/wp-content\/uploads\/2025\/08\/GAB6376-1.png\" class=\"attachment-full size-full wp-image-940\" alt=\"\" srcset=\"https:\/\/desireederidder.com.ar\/wp-content\/uploads\/2025\/08\/GAB6376-1.png 1148w, https:\/\/desireederidder.com.ar\/wp-content\/uploads\/2025\/08\/GAB6376-1-300x258.png 300w, https:\/\/desireederidder.com.ar\/wp-content\/uploads\/2025\/08\/GAB6376-1-1024x880.png 1024w, https:\/\/desireederidder.com.ar\/wp-content\/uploads\/2025\/08\/GAB6376-1-768x660.png 768w\" sizes=\"(max-width: 1148px) 100vw, 1148px\" \/>\t\t\t\t\t\t\t\t\t\t\t\t\t\t\t<\/div>\n\t\t\t\t<\/div>\n\t\t\t\t\t<\/div>\n\t\t\t\t<\/div>\n\t\t<div class=\"elementor-element elementor-element-57b49c89 e-flex e-con-boxed e-con e-parent\" data-id=\"57b49c89\" data-element_type=\"container\">\n\t\t\t\t\t<div class=\"e-con-inner\">\n\t\t\t\t<div class=\"elementor-element elementor-element-66738dcc elementor-widget__width-initial elementor-widget elementor-widget-text-editor\" data-id=\"66738dcc\" data-element_type=\"widget\" data-widget_type=\"text-editor.default\">\n\t\t\t\t<div class=\"elementor-widget-container\">\n\t\t\t\t\t\t\t\t\t<p><strong>Group Exhibitions and Art Fairs (National and International)<\/strong><br \/><br \/>2024 Elements \u2013 Cosmovision. Fundaci\u00f3n Amalita Fortabat, Buenos Aires, Argentina.<br \/>2023 Off Biennale Cairo \u2013 Something Else, representing Argentina. Citadel, Cairo, Egypt.<br \/>Mapa, Galer\u00eda Oda \u2013 Main Section. Buenos Aires, Argentina.<br \/>2022 ArteBA, OTTO + ODA \u2013 Main Section. Buenos Aires, Argentina.<br \/>La Noche de los Museos. Museo Fern\u00e1ndez Blanco, Buenos Aires.<br \/>The Guardians (Sculptural Installation). Museo Fern\u00e1ndez Blanco, Buenos Aires.<br \/>ArteCo. El Rancho e\u2019la Cambicha, Corrientes, Argentina.<br \/>2021 Pinta Miami, booth Galer\u00eda Oda, Miami, USA.<br \/>2020 Sculptures in the Garden. Museo Larreta, Buenos Aires, Argentina.<br \/>Encounter, Room 2. Colecci\u00f3n Amalita Fortabat, Buenos Aires.<br \/>2019 Uncertain \u2013 Visions of Nature and Its Destiny. Galer\u00eda Bot\u00e1nica, La Plata, Argentina.<br \/>2018 The Other Half of Art, curated by Philippe Cyroulnik, Centro Cultural Borges, Buenos Aires.<br \/>2017 FACA, Ambos Mundos, Buenos Aires, Argentina.<br \/>2016 Requiem for a Story. Galer\u00eda Cecilia Caballero, Buenos Aires, Argentina.<br \/>105th National Visual Arts Salon \u2013 Ceramics (Third Prize), Palais de Glace.<br \/>2015 Maras, Fundaci\u00f3n Andreani Visual Arts Award. Centro Cultural Borges.<br \/>Poetics of the Noble Savage. De Ridder\u2013Orlowski, Galer\u00eda Praxis, Buenos Aires.<br \/>Design from the Roots. Argentine Contemporary Designers. Museo S\u00edvori, Buenos Aires.<br \/>Ivera, Museo Provincial de Bellas Artes, Corrientes, Argentina.<br \/>2014 ArteBA, Zavaleta Lab, Buenos Aires.<br \/>103rd National Visual Arts Salon \u2013 Ceramics, Palais de Glace.<br \/>2013 Casa FOA, Arts &amp; Crafts Space, Palacio Tornquist, Buenos Aires.<br \/>Honorable Mention, Municipality of San Isidro Award.<br \/>2012 Galer\u00eda Grillo Art, Punta del Este, Uruguay.<br \/>Art &amp; Functional Design, Pabell\u00f3n de las Bellas Artes, UCA.<br \/>El Arca Annual Auction, Malba \u2013 Fundaci\u00f3n Costantini.<br \/>Ch.ACO, Galer\u00eda C-Arte, Santiago de Chile, Chile.<br \/>EGGO, Galer\u00eda Solange Guez, Centro Cultural Recoleta.<br \/>Young Artists Auction, in benefit of Multiple Sclerosis Argentina. Galer\u00eda Daniel Maman.<br \/>Processions. Museo de Arte Contempor\u00e1neo (MAC), Salta, Argentina.<br \/>2011 Argentine Animals. Sala Cronopios, Centro Cultural Recoleta.<br \/>El Arca Annual Auction, Malba \u2013 Fundaci\u00f3n Costantini.<br \/>2010 Sculptures, Galer\u00eda Jard\u00edn Luminoso, Buenos Aires.<br \/>El Arca Annual Auction, Malba \u2013 Fundaci\u00f3n Costantini.<br \/>2009 98th National Visual Arts Salon \u2013 Ceramics, Palais de Glace.<br \/>El Arca Annual Auction, Malba \u2013 Fundaci\u00f3n Costantini.<br \/>2008 Mantis, Galer\u00eda Objeto-a (Sculptures), Buenos Aires.<br \/>Flora &amp; Fauna, Galer\u00eda Jard\u00edn Luminoso (Sculptures), Buenos Aires.<br \/>2006 Annual Ceramics Salon, Centro de Museos de Buenos Aires.<br \/>XXIII Salon of New Artists (Ceramics), Bolsa de Comercio de Buenos Aires.<\/p>\t\t\t\t\t\t\t\t<\/div>\n\t\t\t\t<\/div>\n\t\t\t\t\t<\/div>\n\t\t\t\t<\/div>\n\t\t\t\t<\/div>","protected":false},"excerpt":{"rendered":"<p>About Desiree My CV Education Painting Professorship, Prilidiano Pueyrred\u00f3n (UNA).Buenos Aires. 1990\u20131997Animation, Central Saint Martins College of Art andDesign, London. [&hellip;]<\/p>","protected":false},"author":1,"featured_media":0,"parent":0,"menu_order":0,"comment_status":"closed","ping_status":"closed","template":"","meta":{"site-sidebar-layout":"no-sidebar","site-content-layout":"","ast-site-content-layout":"full-width-container","site-content-style":"default","site-sidebar-style":"default","ast-global-header-display":"","ast-banner-title-visibility":"","ast-main-header-display":"","ast-hfb-above-header-display":"","ast-hfb-below-header-display":"","ast-hfb-mobile-header-display":"","site-post-title":"disabled","ast-breadcrumbs-content":"","ast-featured-img":"disabled","footer-sml-layout":"","theme-transparent-header-meta":"","adv-header-id-meta":"","stick-header-meta":"","header-above-stick-meta":"","header-main-stick-meta":"","header-below-stick-meta":"","astra-migrate-meta-layouts":"default","ast-page-background-enabled":"default","ast-page-background-meta":{"desktop":{"background-color":"var(--ast-global-color-5)","background-image":"","background-repeat":"repeat","background-position":"center center","background-size":"auto","background-attachment":"scroll","background-type":"","background-media":"","overlay-type":"","overlay-color":"","overlay-opacity":"","overlay-gradient":""},"tablet":{"background-color":"","background-image":"","background-repeat":"repeat","background-position":"center center","background-size":"auto","background-attachment":"scroll","background-type":"","background-media":"","overlay-type":"","overlay-color":"","overlay-opacity":"","overlay-gradient":""},"mobile":{"background-color":"","background-image":"","background-repeat":"repeat","background-position":"center center","background-size":"auto","background-attachment":"scroll","background-type":"","background-media":"","overlay-type":"","overlay-color":"","overlay-opacity":"","overlay-gradient":""}},"ast-content-background-meta":{"desktop":{"background-color":"var(--ast-global-color-4)","background-image":"","background-repeat":"repeat","background-position":"center center","background-size":"auto","background-attachment":"scroll","background-type":"","background-media":"","overlay-type":"","overlay-color":"","overlay-opacity":"","overlay-gradient":""},"tablet":{"background-color":"var(--ast-global-color-4)","background-image":"","background-repeat":"repeat","background-position":"center center","background-size":"auto","background-attachment":"scroll","background-type":"","background-media":"","overlay-type":"","overlay-color":"","overlay-opacity":"","overlay-gradient":""},"mobile":{"background-color":"var(--ast-global-color-4)","background-image":"","background-repeat":"repeat","background-position":"center center","background-size":"auto","background-attachment":"scroll","background-type":"","background-media":"","overlay-type":"","overlay-color":"","overlay-opacity":"","overlay-gradient":""}},"footnotes":""},"class_list":["post-974","page","type-page","status-publish","hentry"],"aioseo_notices":[],"yoast_head":"<!-- This site is optimized with the Yoast SEO plugin v25.8 - https:\/\/yoast.com\/wordpress\/plugins\/seo\/ -->\n<title>Nuevo About - DESIREE DE RIDDER<\/title>\n<meta name=\"robots\" content=\"index, follow, max-snippet:-1, max-image-preview:large, max-video-preview:-1\" \/>\n<link rel=\"canonical\" href=\"https:\/\/desireederidder.com.ar\/es\/nuevo-about\/\" \/>\n<meta property=\"og:locale\" content=\"es_ES\" \/>\n<meta property=\"og:type\" content=\"article\" \/>\n<meta property=\"og:title\" content=\"Nuevo About - DESIREE DE RIDDER\" \/>\n<meta property=\"og:description\" content=\"About Desiree My CV Education Painting Professorship, Prilidiano Pueyrred\u00f3n (UNA).Buenos Aires. 1990\u20131997Animation, Central Saint Martins College of Art andDesign, London. [&hellip;]\" \/>\n<meta property=\"og:url\" content=\"https:\/\/desireederidder.com.ar\/es\/nuevo-about\/\" \/>\n<meta property=\"og:site_name\" content=\"DESIREE DE RIDDER\" \/>\n<meta property=\"article:modified_time\" content=\"2025-09-04T16:41:26+00:00\" \/>\n<meta property=\"og:image\" content=\"https:\/\/desireederidder.com.ar\/wp-content\/uploads\/2025\/08\/Rectangle-46-1024x803.png\" \/>\n\t<meta property=\"og:image:width\" content=\"1024\" \/>\n\t<meta property=\"og:image:height\" content=\"803\" \/>\n\t<meta property=\"og:image:type\" content=\"image\/png\" \/>\n<meta name=\"twitter:card\" content=\"summary_large_image\" \/>\n<meta name=\"twitter:label1\" content=\"Tiempo de lectura\" \/>\n\t<meta name=\"twitter:data1\" content=\"5 minutes\" \/>\n<script type=\"application\/ld+json\" class=\"yoast-schema-graph\">{\"@context\":\"https:\/\/schema.org\",\"@graph\":[{\"@type\":\"WebPage\",\"@id\":\"https:\/\/desireederidder.com.ar\/nuevo-about\/\",\"url\":\"https:\/\/desireederidder.com.ar\/nuevo-about\/\",\"name\":\"Nuevo About - DESIREE DE RIDDER\",\"isPartOf\":{\"@id\":\"https:\/\/sibesite.com\/desiree2\/#website\"},\"primaryImageOfPage\":{\"@id\":\"https:\/\/desireederidder.com.ar\/nuevo-about\/#primaryimage\"},\"image\":{\"@id\":\"https:\/\/desireederidder.com.ar\/nuevo-about\/#primaryimage\"},\"thumbnailUrl\":\"https:\/\/desireederidder.com.ar\/wp-content\/uploads\/2025\/08\/Rectangle-46.png\",\"datePublished\":\"2025-08-28T11:38:06+00:00\",\"dateModified\":\"2025-09-04T16:41:26+00:00\",\"breadcrumb\":{\"@id\":\"https:\/\/desireederidder.com.ar\/nuevo-about\/#breadcrumb\"},\"inLanguage\":\"es-AR\",\"potentialAction\":[{\"@type\":\"ReadAction\",\"target\":[\"https:\/\/desireederidder.com.ar\/nuevo-about\/\"]}]},{\"@type\":\"ImageObject\",\"inLanguage\":\"es-AR\",\"@id\":\"https:\/\/desireederidder.com.ar\/nuevo-about\/#primaryimage\",\"url\":\"https:\/\/desireederidder.com.ar\/wp-content\/uploads\/2025\/08\/Rectangle-46.png\",\"contentUrl\":\"https:\/\/desireederidder.com.ar\/wp-content\/uploads\/2025\/08\/Rectangle-46.png\"},{\"@type\":\"BreadcrumbList\",\"@id\":\"https:\/\/desireederidder.com.ar\/nuevo-about\/#breadcrumb\",\"itemListElement\":[{\"@type\":\"ListItem\",\"position\":1,\"name\":\"Portada\",\"item\":\"https:\/\/desireederidder.com.ar\/\"},{\"@type\":\"ListItem\",\"position\":2,\"name\":\"Nuevo About\"}]},{\"@type\":\"WebSite\",\"@id\":\"https:\/\/sibesite.com\/desiree2\/#website\",\"url\":\"https:\/\/sibesite.com\/desiree2\/\",\"name\":\"DESIREE DE RIDDER\",\"description\":\"\",\"potentialAction\":[{\"@type\":\"SearchAction\",\"target\":{\"@type\":\"EntryPoint\",\"urlTemplate\":\"https:\/\/sibesite.com\/desiree2\/?s={search_term_string}\"},\"query-input\":{\"@type\":\"PropertyValueSpecification\",\"valueRequired\":true,\"valueName\":\"search_term_string\"}}],\"inLanguage\":\"es-AR\"}]}<\/script>\n<!-- \/ Yoast SEO plugin. -->","yoast_head_json":{"title":"Nuevo About - DESIREE DE RIDDER","robots":{"index":"index","follow":"follow","max-snippet":"max-snippet:-1","max-image-preview":"max-image-preview:large","max-video-preview":"max-video-preview:-1"},"canonical":"https:\/\/desireederidder.com.ar\/es\/nuevo-about\/","og_locale":"es_ES","og_type":"article","og_title":"Nuevo About - DESIREE DE RIDDER","og_description":"About Desiree My CV Education Painting Professorship, Prilidiano Pueyrred\u00f3n (UNA).Buenos Aires. 1990\u20131997Animation, Central Saint Martins College of Art andDesign, London. [&hellip;]","og_url":"https:\/\/desireederidder.com.ar\/es\/nuevo-about\/","og_site_name":"DESIREE DE RIDDER","article_modified_time":"2025-09-04T16:41:26+00:00","og_image":[{"width":1024,"height":803,"url":"https:\/\/desireederidder.com.ar\/wp-content\/uploads\/2025\/08\/Rectangle-46-1024x803.png","type":"image\/png"}],"twitter_card":"summary_large_image","twitter_misc":{"Tiempo de lectura":"5 minutes"},"schema":{"@context":"https:\/\/schema.org","@graph":[{"@type":"WebPage","@id":"https:\/\/desireederidder.com.ar\/nuevo-about\/","url":"https:\/\/desireederidder.com.ar\/nuevo-about\/","name":"Nuevo About - DESIREE DE RIDDER","isPartOf":{"@id":"https:\/\/sibesite.com\/desiree2\/#website"},"primaryImageOfPage":{"@id":"https:\/\/desireederidder.com.ar\/nuevo-about\/#primaryimage"},"image":{"@id":"https:\/\/desireederidder.com.ar\/nuevo-about\/#primaryimage"},"thumbnailUrl":"https:\/\/desireederidder.com.ar\/wp-content\/uploads\/2025\/08\/Rectangle-46.png","datePublished":"2025-08-28T11:38:06+00:00","dateModified":"2025-09-04T16:41:26+00:00","breadcrumb":{"@id":"https:\/\/desireederidder.com.ar\/nuevo-about\/#breadcrumb"},"inLanguage":"es-AR","potentialAction":[{"@type":"ReadAction","target":["https:\/\/desireederidder.com.ar\/nuevo-about\/"]}]},{"@type":"ImageObject","inLanguage":"es-AR","@id":"https:\/\/desireederidder.com.ar\/nuevo-about\/#primaryimage","url":"https:\/\/desireederidder.com.ar\/wp-content\/uploads\/2025\/08\/Rectangle-46.png","contentUrl":"https:\/\/desireederidder.com.ar\/wp-content\/uploads\/2025\/08\/Rectangle-46.png"},{"@type":"BreadcrumbList","@id":"https:\/\/desireederidder.com.ar\/nuevo-about\/#breadcrumb","itemListElement":[{"@type":"ListItem","position":1,"name":"Portada","item":"https:\/\/desireederidder.com.ar\/"},{"@type":"ListItem","position":2,"name":"Nuevo About"}]},{"@type":"WebSite","@id":"https:\/\/sibesite.com\/desiree2\/#website","url":"https:\/\/sibesite.com\/desiree2\/","name":"DESIREE DE RIDDER","description":"","potentialAction":[{"@type":"SearchAction","target":{"@type":"EntryPoint","urlTemplate":"https:\/\/sibesite.com\/desiree2\/?s={search_term_string}"},"query-input":{"@type":"PropertyValueSpecification","valueRequired":true,"valueName":"search_term_string"}}],"inLanguage":"es-AR"}]}},"_links":{"self":[{"href":"https:\/\/desireederidder.com.ar\/es\/wp-json\/wp\/v2\/pages\/974","targetHints":{"allow":["GET"]}}],"collection":[{"href":"https:\/\/desireederidder.com.ar\/es\/wp-json\/wp\/v2\/pages"}],"about":[{"href":"https:\/\/desireederidder.com.ar\/es\/wp-json\/wp\/v2\/types\/page"}],"author":[{"embeddable":true,"href":"https:\/\/desireederidder.com.ar\/es\/wp-json\/wp\/v2\/users\/1"}],"replies":[{"embeddable":true,"href":"https:\/\/desireederidder.com.ar\/es\/wp-json\/wp\/v2\/comments?post=974"}],"version-history":[{"count":25,"href":"https:\/\/desireederidder.com.ar\/es\/wp-json\/wp\/v2\/pages\/974\/revisions"}],"predecessor-version":[{"id":1302,"href":"https:\/\/desireederidder.com.ar\/es\/wp-json\/wp\/v2\/pages\/974\/revisions\/1302"}],"wp:attachment":[{"href":"https:\/\/desireederidder.com.ar\/es\/wp-json\/wp\/v2\/media?parent=974"}],"curies":[{"name":"wp","href":"https:\/\/api.w.org\/{rel}","templated":true}]}}