{"id":975,"date":"2025-08-28T11:37:35","date_gmt":"2025-08-28T11:37:35","guid":{"rendered":"https:\/\/desireederidder.com.ar\/?page_id=975"},"modified":"2025-09-11T21:01:29","modified_gmt":"2025-09-11T21:01:29","slug":"nueva-la-providencia","status":"publish","type":"page","link":"https:\/\/desireederidder.com.ar\/es\/nueva-la-providencia\/","title":{"rendered":"Nueva La Providencia"},"content":{"rendered":"<div data-elementor-type=\"wp-page\" data-elementor-id=\"975\" class=\"elementor elementor-975\" data-elementor-post-type=\"page\">\n\t\t\t\t<div class=\"elementor-element elementor-element-335dd942 e-con-full e-flex e-con e-parent\" data-id=\"335dd942\" data-element_type=\"container\" data-settings=\"{&quot;background_background&quot;:&quot;classic&quot;}\">\n\t\t\t\t<div class=\"elementor-element elementor-element-26d23c77 elementor-widget elementor-widget-heading\" data-id=\"26d23c77\" data-element_type=\"widget\" data-widget_type=\"heading.default\">\n\t\t\t\t<div class=\"elementor-widget-container\">\n\t\t\t\t\t<h2 class=\"elementor-heading-title elementor-size-default\">La Providencia<\/h2>\t\t\t\t<\/div>\n\t\t\t\t<\/div>\n\t\t\t\t<div class=\"elementor-element elementor-element-326d5bb6 elementor-widget elementor-widget-heading\" data-id=\"326d5bb6\" data-element_type=\"widget\" data-widget_type=\"heading.default\">\n\t\t\t\t<div class=\"elementor-widget-container\">\n\t\t\t\t\t<h3 class=\"elementor-heading-title elementor-size-default\">Argentina - 2022<\/h3>\t\t\t\t<\/div>\n\t\t\t\t<\/div>\n\t\t\t\t<\/div>\n\t\t<div class=\"elementor-element elementor-element-516d65c2 e-flex e-con-boxed e-con e-parent\" data-id=\"516d65c2\" data-element_type=\"container\">\n\t\t\t\t\t<div class=\"e-con-inner\">\n\t\t\t\t<div class=\"elementor-element elementor-element-d4f048a elementor-widget__width-initial elementor-widget elementor-widget-text-editor\" data-id=\"d4f048a\" data-element_type=\"widget\" data-widget_type=\"text-editor.default\">\n\t\t\t\t<div class=\"elementor-widget-container\">\n\t\t\t\t\t\t\t\t\t<p>En La Providencia, organic\u00e9 una residencia colaborativa con artistas transdisciplinarias para reflexionar sobre la destrucci\u00f3n medioambiental causada por el monocultivo de soja.<br \/>A trav\u00e9s del arte y con un esp\u00edritu curativo, documentamos conversaciones con los residentes, encuentros con los devastadores efectos de los productos qu\u00edmicos t\u00f3xicos y momentos de resiliencia en medio del da\u00f1o. Aprendimos sobre m\u00e9todos de agricultura natural que protegen nuestros ecosistemas y fuimos testigos de los impactos del cultivo impulsado por productos qu\u00edmicos.\u00a0<br \/>Este contenido audiovisual captura la belleza que nos rodea, las manifestaciones de resistencia y la antigua pr\u00e1ctica de cocer arcilla para convertirla en cer\u00e1mica. Sirve como llamada a la acci\u00f3n, destacando el papel fundamental de las mujeres como cuidadoras de la tierra y nuestro potencial para inspirar juntos un cambio significativo.<\/p>\t\t\t\t\t\t\t\t<\/div>\n\t\t\t\t<\/div>\n\t\t\t\t\t<\/div>\n\t\t\t\t<\/div>\n\t\t<div class=\"elementor-element elementor-element-55fef232 e-con-full e-flex e-con e-parent\" data-id=\"55fef232\" data-element_type=\"container\">\n\t\t\t\t<div class=\"elementor-element elementor-element-6e573fa3 elementor-widget elementor-widget-gallery\" data-id=\"6e573fa3\" data-element_type=\"widget\" data-settings=\"{&quot;gallery_layout&quot;:&quot;masonry&quot;,&quot;columns&quot;:3,&quot;columns_mobile&quot;:2,&quot;gap&quot;:{&quot;unit&quot;:&quot;px&quot;,&quot;size&quot;:30,&quot;sizes&quot;:[]},&quot;lazyload&quot;:&quot;yes&quot;,&quot;columns_tablet&quot;:2,&quot;gap_tablet&quot;:{&quot;unit&quot;:&quot;px&quot;,&quot;size&quot;:10,&quot;sizes&quot;:[]},&quot;gap_mobile&quot;:{&quot;unit&quot;:&quot;px&quot;,&quot;size&quot;:10,&quot;sizes&quot;:[]},&quot;overlay_background&quot;:&quot;yes&quot;,&quot;content_hover_animation&quot;:&quot;fade-in&quot;}\" data-widget_type=\"gallery.default\">\n\t\t\t\t<div class=\"elementor-widget-container\">\n\t\t\t\t\t\t\t<div class=\"elementor-gallery__container\">\n\t\t\t\t\t\t\t<div class=\"e-gallery-item elementor-gallery-item elementor-animated-content\">\n\t\t\t\t\t<div class=\"e-gallery-image elementor-gallery-item__image\" data-thumbnail=\"https:\/\/desireederidder.com.ar\/wp-content\/uploads\/2022\/07\/009-copia.webp\" data-width=\"742\" data-height=\"497\" aria-label=\"\" role=\"img\" ><\/div>\n\t\t\t\t\t\t\t\t\t\t\t<div class=\"elementor-gallery-item__overlay\"><\/div>\n\t\t\t\t\t\t\t\t\t\t\t\t\t\t<\/div>\n\t\t\t\t\t\t\t<div class=\"e-gallery-item elementor-gallery-item elementor-animated-content\">\n\t\t\t\t\t<div class=\"e-gallery-image elementor-gallery-item__image\" data-thumbnail=\"https:\/\/desireederidder.com.ar\/wp-content\/uploads\/2022\/07\/010.webp\" data-width=\"742\" data-height=\"496\" aria-label=\"\" role=\"img\" ><\/div>\n\t\t\t\t\t\t\t\t\t\t\t<div class=\"elementor-gallery-item__overlay\"><\/div>\n\t\t\t\t\t\t\t\t\t\t\t\t\t\t<\/div>\n\t\t\t\t\t\t\t<div class=\"e-gallery-item elementor-gallery-item elementor-animated-content\">\n\t\t\t\t\t<div class=\"e-gallery-image elementor-gallery-item__image\" data-thumbnail=\"https:\/\/desireederidder.com.ar\/wp-content\/uploads\/2022\/07\/011-copia.webp\" data-width=\"742\" data-height=\"495\" aria-label=\"\" role=\"img\" ><\/div>\n\t\t\t\t\t\t\t\t\t\t\t<div class=\"elementor-gallery-item__overlay\"><\/div>\n\t\t\t\t\t\t\t\t\t\t\t\t\t\t<\/div>\n\t\t\t\t\t\t\t<div class=\"e-gallery-item elementor-gallery-item elementor-animated-content\">\n\t\t\t\t\t<div class=\"e-gallery-image elementor-gallery-item__image\" data-thumbnail=\"https:\/\/desireederidder.com.ar\/wp-content\/uploads\/2022\/07\/021-copia.webp\" data-width=\"742\" data-height=\"930\" aria-label=\"\" role=\"img\" ><\/div>\n\t\t\t\t\t\t\t\t\t\t\t<div class=\"elementor-gallery-item__overlay\"><\/div>\n\t\t\t\t\t\t\t\t\t\t\t\t\t\t<\/div>\n\t\t\t\t\t\t\t<div class=\"e-gallery-item elementor-gallery-item elementor-animated-content\">\n\t\t\t\t\t<div class=\"e-gallery-image elementor-gallery-item__image\" data-thumbnail=\"https:\/\/desireederidder.com.ar\/wp-content\/uploads\/2022\/07\/012-copia.webp\" data-width=\"742\" data-height=\"495\" aria-label=\"\" role=\"img\" ><\/div>\n\t\t\t\t\t\t\t\t\t\t\t<div class=\"elementor-gallery-item__overlay\"><\/div>\n\t\t\t\t\t\t\t\t\t\t\t\t\t\t<\/div>\n\t\t\t\t\t\t\t<div class=\"e-gallery-item elementor-gallery-item elementor-animated-content\">\n\t\t\t\t\t<div class=\"e-gallery-image elementor-gallery-item__image\" data-thumbnail=\"https:\/\/desireederidder.com.ar\/wp-content\/uploads\/2022\/07\/013-copia.webp\" data-width=\"742\" data-height=\"495\" aria-label=\"\" role=\"img\" ><\/div>\n\t\t\t\t\t\t\t\t\t\t\t<div class=\"elementor-gallery-item__overlay\"><\/div>\n\t\t\t\t\t\t\t\t\t\t\t\t\t\t<\/div>\n\t\t\t\t\t\t\t<div class=\"e-gallery-item elementor-gallery-item elementor-animated-content\">\n\t\t\t\t\t<div class=\"e-gallery-image elementor-gallery-item__image\" data-thumbnail=\"https:\/\/desireederidder.com.ar\/wp-content\/uploads\/2022\/07\/020-copia.webp\" data-width=\"742\" data-height=\"497\" aria-label=\"\" role=\"img\" ><\/div>\n\t\t\t\t\t\t\t\t\t\t\t<div class=\"elementor-gallery-item__overlay\"><\/div>\n\t\t\t\t\t\t\t\t\t\t\t\t\t\t<\/div>\n\t\t\t\t\t<\/div>\n\t\t\t\t\t<\/div>\n\t\t\t\t<\/div>\n\t\t\t\t<\/div>\n\t\t\t\t<\/div>","protected":false},"excerpt":{"rendered":"<p>La Providencia Argentina &#8211; 2022 At La Providencia, I hosted a collaborative residency with transdisciplinary women artists to reflect on [&hellip;]<\/p>","protected":false},"author":1,"featured_media":0,"parent":0,"menu_order":0,"comment_status":"closed","ping_status":"closed","template":"","meta":{"site-sidebar-layout":"no-sidebar","site-content-layout":"","ast-site-content-layout":"full-width-container","site-content-style":"default","site-sidebar-style":"default","ast-global-header-display":"","ast-banner-title-visibility":"","ast-main-header-display":"","ast-hfb-above-header-display":"","ast-hfb-below-header-display":"","ast-hfb-mobile-header-display":"","site-post-title":"disabled","ast-breadcrumbs-content":"","ast-featured-img":"disabled","footer-sml-layout":"","theme-transparent-header-meta":"","adv-header-id-meta":"","stick-header-meta":"","header-above-stick-meta":"","header-main-stick-meta":"","header-below-stick-meta":"","astra-migrate-meta-layouts":"default","ast-page-background-enabled":"default","ast-page-background-meta":{"desktop":{"background-color":"var(--ast-global-color-5)","background-image":"","background-repeat":"repeat","background-position":"center center","background-size":"auto","background-attachment":"scroll","background-type":"","background-media":"","overlay-type":"","overlay-color":"","overlay-opacity":"","overlay-gradient":""},"tablet":{"background-color":"","background-image":"","background-repeat":"repeat","background-position":"center center","background-size":"auto","background-attachment":"scroll","background-type":"","background-media":"","overlay-type":"","overlay-color":"","overlay-opacity":"","overlay-gradient":""},"mobile":{"background-color":"","background-image":"","background-repeat":"repeat","background-position":"center center","background-size":"auto","background-attachment":"scroll","background-type":"","background-media":"","overlay-type":"","overlay-color":"","overlay-opacity":"","overlay-gradient":""}},"ast-content-background-meta":{"desktop":{"background-color":"var(--ast-global-color-4)","background-image":"","background-repeat":"repeat","background-position":"center center","background-size":"auto","background-attachment":"scroll","background-type":"","background-media":"","overlay-type":"","overlay-color":"","overlay-opacity":"","overlay-gradient":""},"tablet":{"background-color":"var(--ast-global-color-4)","background-image":"","background-repeat":"repeat","background-position":"center center","background-size":"auto","background-attachment":"scroll","background-type":"","background-media":"","overlay-type":"","overlay-color":"","overlay-opacity":"","overlay-gradient":""},"mobile":{"background-color":"var(--ast-global-color-4)","background-image":"","background-repeat":"repeat","background-position":"center center","background-size":"auto","background-attachment":"scroll","background-type":"","background-media":"","overlay-type":"","overlay-color":"","overlay-opacity":"","overlay-gradient":""}},"footnotes":""},"class_list":["post-975","page","type-page","status-publish","hentry"],"aioseo_notices":[],"yoast_head":"<!-- This site is optimized with the Yoast SEO plugin v25.8 - https:\/\/yoast.com\/wordpress\/plugins\/seo\/ -->\n<title>Nueva La Providencia - DESIREE DE RIDDER<\/title>\n<meta name=\"robots\" content=\"index, follow, max-snippet:-1, max-image-preview:large, max-video-preview:-1\" \/>\n<link rel=\"canonical\" href=\"https:\/\/desireederidder.com.ar\/es\/nueva-la-providencia\/\" \/>\n<meta property=\"og:locale\" content=\"es_ES\" \/>\n<meta property=\"og:type\" content=\"article\" \/>\n<meta property=\"og:title\" content=\"Nueva La Providencia - DESIREE DE RIDDER\" \/>\n<meta property=\"og:description\" content=\"La Providencia Argentina &#8211; 2022 At La Providencia, I hosted a collaborative residency with transdisciplinary women artists to reflect on [&hellip;]\" \/>\n<meta property=\"og:url\" content=\"https:\/\/desireederidder.com.ar\/es\/nueva-la-providencia\/\" \/>\n<meta property=\"og:site_name\" content=\"DESIREE DE RIDDER\" \/>\n<meta property=\"article:modified_time\" content=\"2025-09-11T21:01:29+00:00\" \/>\n<meta name=\"twitter:card\" content=\"summary_large_image\" \/>\n<meta name=\"twitter:label1\" content=\"Tiempo de lectura\" \/>\n\t<meta name=\"twitter:data1\" content=\"1 minute\" \/>\n<script type=\"application\/ld+json\" class=\"yoast-schema-graph\">{\"@context\":\"https:\/\/schema.org\",\"@graph\":[{\"@type\":\"WebPage\",\"@id\":\"https:\/\/desireederidder.com.ar\/nueva-la-providencia\/\",\"url\":\"https:\/\/desireederidder.com.ar\/nueva-la-providencia\/\",\"name\":\"Nueva La Providencia - DESIREE DE RIDDER\",\"isPartOf\":{\"@id\":\"https:\/\/sibesite.com\/desiree2\/#website\"},\"datePublished\":\"2025-08-28T11:37:35+00:00\",\"dateModified\":\"2025-09-11T21:01:29+00:00\",\"breadcrumb\":{\"@id\":\"https:\/\/desireederidder.com.ar\/nueva-la-providencia\/#breadcrumb\"},\"inLanguage\":\"es-AR\",\"potentialAction\":[{\"@type\":\"ReadAction\",\"target\":[\"https:\/\/desireederidder.com.ar\/nueva-la-providencia\/\"]}]},{\"@type\":\"BreadcrumbList\",\"@id\":\"https:\/\/desireederidder.com.ar\/nueva-la-providencia\/#breadcrumb\",\"itemListElement\":[{\"@type\":\"ListItem\",\"position\":1,\"name\":\"Portada\",\"item\":\"https:\/\/desireederidder.com.ar\/\"},{\"@type\":\"ListItem\",\"position\":2,\"name\":\"Nueva La Providencia\"}]},{\"@type\":\"WebSite\",\"@id\":\"https:\/\/sibesite.com\/desiree2\/#website\",\"url\":\"https:\/\/sibesite.com\/desiree2\/\",\"name\":\"DESIREE DE RIDDER\",\"description\":\"\",\"potentialAction\":[{\"@type\":\"SearchAction\",\"target\":{\"@type\":\"EntryPoint\",\"urlTemplate\":\"https:\/\/sibesite.com\/desiree2\/?s={search_term_string}\"},\"query-input\":{\"@type\":\"PropertyValueSpecification\",\"valueRequired\":true,\"valueName\":\"search_term_string\"}}],\"inLanguage\":\"es-AR\"}]}<\/script>\n<!-- \/ Yoast SEO plugin. -->","yoast_head_json":{"title":"Nueva La Providencia - DESIREE DE RIDDER","robots":{"index":"index","follow":"follow","max-snippet":"max-snippet:-1","max-image-preview":"max-image-preview:large","max-video-preview":"max-video-preview:-1"},"canonical":"https:\/\/desireederidder.com.ar\/es\/nueva-la-providencia\/","og_locale":"es_ES","og_type":"article","og_title":"Nueva La Providencia - DESIREE DE RIDDER","og_description":"La Providencia Argentina &#8211; 2022 At La Providencia, I hosted a collaborative residency with transdisciplinary women artists to reflect on [&hellip;]","og_url":"https:\/\/desireederidder.com.ar\/es\/nueva-la-providencia\/","og_site_name":"DESIREE DE RIDDER","article_modified_time":"2025-09-11T21:01:29+00:00","twitter_card":"summary_large_image","twitter_misc":{"Tiempo de lectura":"1 minute"},"schema":{"@context":"https:\/\/schema.org","@graph":[{"@type":"WebPage","@id":"https:\/\/desireederidder.com.ar\/nueva-la-providencia\/","url":"https:\/\/desireederidder.com.ar\/nueva-la-providencia\/","name":"Nueva La Providencia - DESIREE DE RIDDER","isPartOf":{"@id":"https:\/\/sibesite.com\/desiree2\/#website"},"datePublished":"2025-08-28T11:37:35+00:00","dateModified":"2025-09-11T21:01:29+00:00","breadcrumb":{"@id":"https:\/\/desireederidder.com.ar\/nueva-la-providencia\/#breadcrumb"},"inLanguage":"es-AR","potentialAction":[{"@type":"ReadAction","target":["https:\/\/desireederidder.com.ar\/nueva-la-providencia\/"]}]},{"@type":"BreadcrumbList","@id":"https:\/\/desireederidder.com.ar\/nueva-la-providencia\/#breadcrumb","itemListElement":[{"@type":"ListItem","position":1,"name":"Portada","item":"https:\/\/desireederidder.com.ar\/"},{"@type":"ListItem","position":2,"name":"Nueva La Providencia"}]},{"@type":"WebSite","@id":"https:\/\/sibesite.com\/desiree2\/#website","url":"https:\/\/sibesite.com\/desiree2\/","name":"DESIREE DE RIDDER","description":"","potentialAction":[{"@type":"SearchAction","target":{"@type":"EntryPoint","urlTemplate":"https:\/\/sibesite.com\/desiree2\/?s={search_term_string}"},"query-input":{"@type":"PropertyValueSpecification","valueRequired":true,"valueName":"search_term_string"}}],"inLanguage":"es-AR"}]}},"_links":{"self":[{"href":"https:\/\/desireederidder.com.ar\/es\/wp-json\/wp\/v2\/pages\/975","targetHints":{"allow":["GET"]}}],"collection":[{"href":"https:\/\/desireederidder.com.ar\/es\/wp-json\/wp\/v2\/pages"}],"about":[{"href":"https:\/\/desireederidder.com.ar\/es\/wp-json\/wp\/v2\/types\/page"}],"author":[{"embeddable":true,"href":"https:\/\/desireederidder.com.ar\/es\/wp-json\/wp\/v2\/users\/1"}],"replies":[{"embeddable":true,"href":"https:\/\/desireederidder.com.ar\/es\/wp-json\/wp\/v2\/comments?post=975"}],"version-history":[{"count":19,"href":"https:\/\/desireederidder.com.ar\/es\/wp-json\/wp\/v2\/pages\/975\/revisions"}],"predecessor-version":[{"id":1325,"href":"https:\/\/desireederidder.com.ar\/es\/wp-json\/wp\/v2\/pages\/975\/revisions\/1325"}],"wp:attachment":[{"href":"https:\/\/desireederidder.com.ar\/es\/wp-json\/wp\/v2\/media?parent=975"}],"curies":[{"name":"wp","href":"https:\/\/api.w.org\/{rel}","templated":true}]}}