{"id":976,"date":"2025-08-28T11:38:48","date_gmt":"2025-08-28T11:38:48","guid":{"rendered":"https:\/\/desireederidder.com.ar\/?page_id=976"},"modified":"2025-09-04T12:22:24","modified_gmt":"2025-09-04T12:22:24","slug":"nueva-potentino","status":"publish","type":"page","link":"https:\/\/desireederidder.com.ar\/es\/nueva-potentino\/","title":{"rendered":"Nueva Potentino"},"content":{"rendered":"<div data-elementor-type=\"wp-page\" data-elementor-id=\"976\" class=\"elementor elementor-976\" data-elementor-post-type=\"page\">\n\t\t\t\t<div class=\"elementor-element elementor-element-6647dd42 e-con-full e-flex e-con e-parent\" data-id=\"6647dd42\" data-element_type=\"container\" data-settings=\"{&quot;background_background&quot;:&quot;classic&quot;}\">\n\t\t\t\t<div class=\"elementor-element elementor-element-7bc2b05a elementor-widget elementor-widget-heading\" data-id=\"7bc2b05a\" data-element_type=\"widget\" data-widget_type=\"heading.default\">\n\t\t\t\t<div class=\"elementor-widget-container\">\n\t\t\t\t\t<h2 class=\"elementor-heading-title elementor-size-default\">Potentino<\/h2>\t\t\t\t<\/div>\n\t\t\t\t<\/div>\n\t\t\t\t<div class=\"elementor-element elementor-element-5cf0e4c6 elementor-widget elementor-widget-heading\" data-id=\"5cf0e4c6\" data-element_type=\"widget\" data-widget_type=\"heading.default\">\n\t\t\t\t<div class=\"elementor-widget-container\">\n\t\t\t\t\t<h3 class=\"elementor-heading-title elementor-size-default\">Italia - 2020<\/h3>\t\t\t\t<\/div>\n\t\t\t\t<\/div>\n\t\t\t\t<\/div>\n\t\t<div class=\"elementor-element elementor-element-3e9cdf48 e-flex e-con-boxed e-con e-parent\" data-id=\"3e9cdf48\" data-element_type=\"container\">\n\t\t\t\t\t<div class=\"e-con-inner\">\n\t\t\t\t<div class=\"elementor-element elementor-element-4caf8a6f elementor-widget__width-initial elementor-widget elementor-widget-text-editor\" data-id=\"4caf8a6f\" data-element_type=\"widget\" data-widget_type=\"text-editor.default\">\n\t\t\t\t<div class=\"elementor-widget-container\">\n\t\t\t\t\t\t\t\t\t<p>En Potentino, me propuse revivir la fauna local: lobos, ciervos, linces, cuya presencia hab\u00eda desaparecido con la urbanizaci\u00f3n. Al llegar, constru\u00ed un horno de le\u00f1a para cocer las obras de arte. El mortero combinaba barro, arena, arcilla, hierba seca y esti\u00e9rcol de caballo en proporciones precisas, mezcladas con mis pies en una cubeta de pl\u00e1stico.\u00a0<br \/>Esculp\u00ed animales y urnas de tama\u00f1o mediano, inspir\u00e1ndome en el arte etrusco, y modelando cuidadosamente cada pieza. Las urnas llevaban los retratos de las seis mujeres que viv\u00edan en el castillo, transformando las materias primas en recipientes de memoria, presencia y resiliencia.<\/p>\t\t\t\t\t\t\t\t<\/div>\n\t\t\t\t<\/div>\n\t\t\t\t\t<\/div>\n\t\t\t\t<\/div>\n\t\t<div class=\"elementor-element elementor-element-20b49f3a e-con-full e-flex e-con e-parent\" data-id=\"20b49f3a\" data-element_type=\"container\">\n\t\t\t\t<div class=\"elementor-element elementor-element-70da235e elementor-widget elementor-widget-gallery\" data-id=\"70da235e\" data-element_type=\"widget\" data-settings=\"{&quot;gallery_layout&quot;:&quot;masonry&quot;,&quot;columns&quot;:3,&quot;columns_mobile&quot;:2,&quot;gap&quot;:{&quot;unit&quot;:&quot;px&quot;,&quot;size&quot;:30,&quot;sizes&quot;:[]},&quot;lazyload&quot;:&quot;yes&quot;,&quot;columns_tablet&quot;:2,&quot;gap_tablet&quot;:{&quot;unit&quot;:&quot;px&quot;,&quot;size&quot;:10,&quot;sizes&quot;:[]},&quot;gap_mobile&quot;:{&quot;unit&quot;:&quot;px&quot;,&quot;size&quot;:10,&quot;sizes&quot;:[]},&quot;overlay_background&quot;:&quot;yes&quot;,&quot;content_hover_animation&quot;:&quot;fade-in&quot;}\" data-widget_type=\"gallery.default\">\n\t\t\t\t<div class=\"elementor-widget-container\">\n\t\t\t\t\t\t\t<div class=\"elementor-gallery__container\">\n\t\t\t\t\t\t\t<div class=\"e-gallery-item elementor-gallery-item elementor-animated-content\">\n\t\t\t\t\t<div class=\"e-gallery-image elementor-gallery-item__image\" data-thumbnail=\"https:\/\/desireederidder.com.ar\/wp-content\/uploads\/2022\/07\/022-copia.webp\" data-width=\"742\" data-height=\"925\" aria-label=\"\" role=\"img\" ><\/div>\n\t\t\t\t\t\t\t\t\t\t\t<div class=\"elementor-gallery-item__overlay\"><\/div>\n\t\t\t\t\t\t\t\t\t\t\t\t\t\t<\/div>\n\t\t\t\t\t\t\t<div class=\"e-gallery-item elementor-gallery-item elementor-animated-content\">\n\t\t\t\t\t<div class=\"e-gallery-image elementor-gallery-item__image\" data-thumbnail=\"https:\/\/desireederidder.com.ar\/wp-content\/uploads\/2022\/07\/024-copia.webp\" data-width=\"742\" data-height=\"924\" aria-label=\"\" role=\"img\" ><\/div>\n\t\t\t\t\t\t\t\t\t\t\t<div class=\"elementor-gallery-item__overlay\"><\/div>\n\t\t\t\t\t\t\t\t\t\t\t\t\t\t<\/div>\n\t\t\t\t\t\t\t<div class=\"e-gallery-item elementor-gallery-item elementor-animated-content\">\n\t\t\t\t\t<div class=\"e-gallery-image elementor-gallery-item__image\" data-thumbnail=\"https:\/\/desireederidder.com.ar\/wp-content\/uploads\/2022\/07\/025-copia.webp\" data-width=\"742\" data-height=\"925\" aria-label=\"\" role=\"img\" ><\/div>\n\t\t\t\t\t\t\t\t\t\t\t<div class=\"elementor-gallery-item__overlay\"><\/div>\n\t\t\t\t\t\t\t\t\t\t\t\t\t\t<\/div>\n\t\t\t\t\t\t\t<div class=\"e-gallery-item elementor-gallery-item elementor-animated-content\">\n\t\t\t\t\t<div class=\"e-gallery-image elementor-gallery-item__image\" data-thumbnail=\"https:\/\/desireederidder.com.ar\/wp-content\/uploads\/2022\/07\/027-copia.webp\" data-width=\"742\" data-height=\"496\" aria-label=\"\" role=\"img\" ><\/div>\n\t\t\t\t\t\t\t\t\t\t\t<div class=\"elementor-gallery-item__overlay\"><\/div>\n\t\t\t\t\t\t\t\t\t\t\t\t\t\t<\/div>\n\t\t\t\t\t\t\t<div class=\"e-gallery-item elementor-gallery-item elementor-animated-content\">\n\t\t\t\t\t<div class=\"e-gallery-image elementor-gallery-item__image\" data-thumbnail=\"https:\/\/desireederidder.com.ar\/wp-content\/uploads\/2022\/07\/023-copia.webp\" data-width=\"742\" data-height=\"922\" aria-label=\"\" role=\"img\" ><\/div>\n\t\t\t\t\t\t\t\t\t\t\t<div class=\"elementor-gallery-item__overlay\"><\/div>\n\t\t\t\t\t\t\t\t\t\t\t\t\t\t<\/div>\n\t\t\t\t\t\t\t<div class=\"e-gallery-item elementor-gallery-item elementor-animated-content\">\n\t\t\t\t\t<div class=\"e-gallery-image elementor-gallery-item__image\" data-thumbnail=\"https:\/\/desireederidder.com.ar\/wp-content\/uploads\/2022\/07\/028-copia.webp\" data-width=\"742\" data-height=\"496\" aria-label=\"\" role=\"img\" ><\/div>\n\t\t\t\t\t\t\t\t\t\t\t<div class=\"elementor-gallery-item__overlay\"><\/div>\n\t\t\t\t\t\t\t\t\t\t\t\t\t\t<\/div>\n\t\t\t\t\t\t\t<div class=\"e-gallery-item elementor-gallery-item elementor-animated-content\">\n\t\t\t\t\t<div class=\"e-gallery-image elementor-gallery-item__image\" data-thumbnail=\"https:\/\/desireederidder.com.ar\/wp-content\/uploads\/2022\/07\/029-copia.webp\" data-width=\"742\" data-height=\"496\" aria-label=\"\" role=\"img\" ><\/div>\n\t\t\t\t\t\t\t\t\t\t\t<div class=\"elementor-gallery-item__overlay\"><\/div>\n\t\t\t\t\t\t\t\t\t\t\t\t\t\t<\/div>\n\t\t\t\t\t\t\t<div class=\"e-gallery-item elementor-gallery-item elementor-animated-content\">\n\t\t\t\t\t<div class=\"e-gallery-image elementor-gallery-item__image\" data-thumbnail=\"https:\/\/desireederidder.com.ar\/wp-content\/uploads\/2022\/07\/030-copia.webp\" data-width=\"742\" data-height=\"495\" aria-label=\"\" role=\"img\" ><\/div>\n\t\t\t\t\t\t\t\t\t\t\t<div class=\"elementor-gallery-item__overlay\"><\/div>\n\t\t\t\t\t\t\t\t\t\t\t\t\t\t<\/div>\n\t\t\t\t\t\t\t<div class=\"e-gallery-item elementor-gallery-item elementor-animated-content\">\n\t\t\t\t\t<div class=\"e-gallery-image elementor-gallery-item__image\" data-thumbnail=\"https:\/\/desireederidder.com.ar\/wp-content\/uploads\/2022\/07\/031-copia.webp\" data-width=\"742\" data-height=\"496\" aria-label=\"\" role=\"img\" ><\/div>\n\t\t\t\t\t\t\t\t\t\t\t<div class=\"elementor-gallery-item__overlay\"><\/div>\n\t\t\t\t\t\t\t\t\t\t\t\t\t\t<\/div>\n\t\t\t\t\t<\/div>\n\t\t\t\t\t<\/div>\n\t\t\t\t<\/div>\n\t\t\t\t<\/div>\n\t\t\t\t<\/div>","protected":false},"excerpt":{"rendered":"<p>Potentino Italy &#8211; 2020 At Potentino, I set out to revive the local fauna: wolves, deer, lynxes, whose presence had [&hellip;]<\/p>","protected":false},"author":1,"featured_media":0,"parent":0,"menu_order":0,"comment_status":"closed","ping_status":"closed","template":"","meta":{"site-sidebar-layout":"no-sidebar","site-content-layout":"","ast-site-content-layout":"full-width-container","site-content-style":"default","site-sidebar-style":"default","ast-global-header-display":"","ast-banner-title-visibility":"","ast-main-header-display":"","ast-hfb-above-header-display":"","ast-hfb-below-header-display":"","ast-hfb-mobile-header-display":"","site-post-title":"disabled","ast-breadcrumbs-content":"","ast-featured-img":"disabled","footer-sml-layout":"","theme-transparent-header-meta":"","adv-header-id-meta":"","stick-header-meta":"","header-above-stick-meta":"","header-main-stick-meta":"","header-below-stick-meta":"","astra-migrate-meta-layouts":"default","ast-page-background-enabled":"default","ast-page-background-meta":{"desktop":{"background-color":"var(--ast-global-color-5)","background-image":"","background-repeat":"repeat","background-position":"center center","background-size":"auto","background-attachment":"scroll","background-type":"","background-media":"","overlay-type":"","overlay-color":"","overlay-opacity":"","overlay-gradient":""},"tablet":{"background-color":"","background-image":"","background-repeat":"repeat","background-position":"center center","background-size":"auto","background-attachment":"scroll","background-type":"","background-media":"","overlay-type":"","overlay-color":"","overlay-opacity":"","overlay-gradient":""},"mobile":{"background-color":"","background-image":"","background-repeat":"repeat","background-position":"center center","background-size":"auto","background-attachment":"scroll","background-type":"","background-media":"","overlay-type":"","overlay-color":"","overlay-opacity":"","overlay-gradient":""}},"ast-content-background-meta":{"desktop":{"background-color":"var(--ast-global-color-4)","background-image":"","background-repeat":"repeat","background-position":"center center","background-size":"auto","background-attachment":"scroll","background-type":"","background-media":"","overlay-type":"","overlay-color":"","overlay-opacity":"","overlay-gradient":""},"tablet":{"background-color":"var(--ast-global-color-4)","background-image":"","background-repeat":"repeat","background-position":"center center","background-size":"auto","background-attachment":"scroll","background-type":"","background-media":"","overlay-type":"","overlay-color":"","overlay-opacity":"","overlay-gradient":""},"mobile":{"background-color":"var(--ast-global-color-4)","background-image":"","background-repeat":"repeat","background-position":"center center","background-size":"auto","background-attachment":"scroll","background-type":"","background-media":"","overlay-type":"","overlay-color":"","overlay-opacity":"","overlay-gradient":""}},"footnotes":""},"class_list":["post-976","page","type-page","status-publish","hentry"],"aioseo_notices":[],"yoast_head":"<!-- This site is optimized with the Yoast SEO plugin v25.8 - https:\/\/yoast.com\/wordpress\/plugins\/seo\/ -->\n<title>Nueva Potentino - DESIREE DE RIDDER<\/title>\n<meta name=\"robots\" content=\"index, follow, max-snippet:-1, max-image-preview:large, max-video-preview:-1\" \/>\n<link rel=\"canonical\" href=\"https:\/\/desireederidder.com.ar\/es\/nueva-potentino\/\" \/>\n<meta property=\"og:locale\" content=\"es_ES\" \/>\n<meta property=\"og:type\" content=\"article\" \/>\n<meta property=\"og:title\" content=\"Nueva Potentino - DESIREE DE RIDDER\" \/>\n<meta property=\"og:description\" content=\"Potentino Italy &#8211; 2020 At Potentino, I set out to revive the local fauna: wolves, deer, lynxes, whose presence had [&hellip;]\" \/>\n<meta property=\"og:url\" content=\"https:\/\/desireederidder.com.ar\/es\/nueva-potentino\/\" \/>\n<meta property=\"og:site_name\" content=\"DESIREE DE RIDDER\" \/>\n<meta property=\"article:modified_time\" content=\"2025-09-04T12:22:24+00:00\" \/>\n<meta name=\"twitter:card\" content=\"summary_large_image\" \/>\n<meta name=\"twitter:label1\" content=\"Tiempo de lectura\" \/>\n\t<meta name=\"twitter:data1\" content=\"1 minute\" \/>\n<script type=\"application\/ld+json\" class=\"yoast-schema-graph\">{\"@context\":\"https:\/\/schema.org\",\"@graph\":[{\"@type\":\"WebPage\",\"@id\":\"https:\/\/desireederidder.com.ar\/nueva-potentino\/\",\"url\":\"https:\/\/desireederidder.com.ar\/nueva-potentino\/\",\"name\":\"Nueva Potentino - DESIREE DE RIDDER\",\"isPartOf\":{\"@id\":\"https:\/\/sibesite.com\/desiree2\/#website\"},\"datePublished\":\"2025-08-28T11:38:48+00:00\",\"dateModified\":\"2025-09-04T12:22:24+00:00\",\"breadcrumb\":{\"@id\":\"https:\/\/desireederidder.com.ar\/nueva-potentino\/#breadcrumb\"},\"inLanguage\":\"es-AR\",\"potentialAction\":[{\"@type\":\"ReadAction\",\"target\":[\"https:\/\/desireederidder.com.ar\/nueva-potentino\/\"]}]},{\"@type\":\"BreadcrumbList\",\"@id\":\"https:\/\/desireederidder.com.ar\/nueva-potentino\/#breadcrumb\",\"itemListElement\":[{\"@type\":\"ListItem\",\"position\":1,\"name\":\"Portada\",\"item\":\"https:\/\/desireederidder.com.ar\/\"},{\"@type\":\"ListItem\",\"position\":2,\"name\":\"Nueva Potentino\"}]},{\"@type\":\"WebSite\",\"@id\":\"https:\/\/sibesite.com\/desiree2\/#website\",\"url\":\"https:\/\/sibesite.com\/desiree2\/\",\"name\":\"DESIREE DE RIDDER\",\"description\":\"\",\"potentialAction\":[{\"@type\":\"SearchAction\",\"target\":{\"@type\":\"EntryPoint\",\"urlTemplate\":\"https:\/\/sibesite.com\/desiree2\/?s={search_term_string}\"},\"query-input\":{\"@type\":\"PropertyValueSpecification\",\"valueRequired\":true,\"valueName\":\"search_term_string\"}}],\"inLanguage\":\"es-AR\"}]}<\/script>\n<!-- \/ Yoast SEO plugin. -->","yoast_head_json":{"title":"Nueva Potentino - DESIREE DE RIDDER","robots":{"index":"index","follow":"follow","max-snippet":"max-snippet:-1","max-image-preview":"max-image-preview:large","max-video-preview":"max-video-preview:-1"},"canonical":"https:\/\/desireederidder.com.ar\/es\/nueva-potentino\/","og_locale":"es_ES","og_type":"article","og_title":"Nueva Potentino - DESIREE DE RIDDER","og_description":"Potentino Italy &#8211; 2020 At Potentino, I set out to revive the local fauna: wolves, deer, lynxes, whose presence had [&hellip;]","og_url":"https:\/\/desireederidder.com.ar\/es\/nueva-potentino\/","og_site_name":"DESIREE DE RIDDER","article_modified_time":"2025-09-04T12:22:24+00:00","twitter_card":"summary_large_image","twitter_misc":{"Tiempo de lectura":"1 minute"},"schema":{"@context":"https:\/\/schema.org","@graph":[{"@type":"WebPage","@id":"https:\/\/desireederidder.com.ar\/nueva-potentino\/","url":"https:\/\/desireederidder.com.ar\/nueva-potentino\/","name":"Nueva Potentino - DESIREE DE RIDDER","isPartOf":{"@id":"https:\/\/sibesite.com\/desiree2\/#website"},"datePublished":"2025-08-28T11:38:48+00:00","dateModified":"2025-09-04T12:22:24+00:00","breadcrumb":{"@id":"https:\/\/desireederidder.com.ar\/nueva-potentino\/#breadcrumb"},"inLanguage":"es-AR","potentialAction":[{"@type":"ReadAction","target":["https:\/\/desireederidder.com.ar\/nueva-potentino\/"]}]},{"@type":"BreadcrumbList","@id":"https:\/\/desireederidder.com.ar\/nueva-potentino\/#breadcrumb","itemListElement":[{"@type":"ListItem","position":1,"name":"Portada","item":"https:\/\/desireederidder.com.ar\/"},{"@type":"ListItem","position":2,"name":"Nueva Potentino"}]},{"@type":"WebSite","@id":"https:\/\/sibesite.com\/desiree2\/#website","url":"https:\/\/sibesite.com\/desiree2\/","name":"DESIREE DE RIDDER","description":"","potentialAction":[{"@type":"SearchAction","target":{"@type":"EntryPoint","urlTemplate":"https:\/\/sibesite.com\/desiree2\/?s={search_term_string}"},"query-input":{"@type":"PropertyValueSpecification","valueRequired":true,"valueName":"search_term_string"}}],"inLanguage":"es-AR"}]}},"_links":{"self":[{"href":"https:\/\/desireederidder.com.ar\/es\/wp-json\/wp\/v2\/pages\/976","targetHints":{"allow":["GET"]}}],"collection":[{"href":"https:\/\/desireederidder.com.ar\/es\/wp-json\/wp\/v2\/pages"}],"about":[{"href":"https:\/\/desireederidder.com.ar\/es\/wp-json\/wp\/v2\/types\/page"}],"author":[{"embeddable":true,"href":"https:\/\/desireederidder.com.ar\/es\/wp-json\/wp\/v2\/users\/1"}],"replies":[{"embeddable":true,"href":"https:\/\/desireederidder.com.ar\/es\/wp-json\/wp\/v2\/comments?post=976"}],"version-history":[{"count":13,"href":"https:\/\/desireederidder.com.ar\/es\/wp-json\/wp\/v2\/pages\/976\/revisions"}],"predecessor-version":[{"id":1257,"href":"https:\/\/desireederidder.com.ar\/es\/wp-json\/wp\/v2\/pages\/976\/revisions\/1257"}],"wp:attachment":[{"href":"https:\/\/desireederidder.com.ar\/es\/wp-json\/wp\/v2\/media?parent=976"}],"curies":[{"name":"wp","href":"https:\/\/api.w.org\/{rel}","templated":true}]}}