{"id":977,"date":"2025-08-28T11:39:09","date_gmt":"2025-08-28T11:39:09","guid":{"rendered":"https:\/\/desireederidder.com.ar\/?page_id=977"},"modified":"2025-09-15T15:39:16","modified_gmt":"2025-09-15T15:39:16","slug":"nueva-the-collective-62","status":"publish","type":"page","link":"https:\/\/desireederidder.com.ar\/es\/nueva-the-collective-62\/","title":{"rendered":"Nueva the collective 62"},"content":{"rendered":"<div data-elementor-type=\"wp-page\" data-elementor-id=\"977\" class=\"elementor elementor-977\" data-elementor-post-type=\"page\">\n\t\t\t\t<div class=\"elementor-element elementor-element-1ab53f71 e-con-full e-flex e-con e-parent\" data-id=\"1ab53f71\" data-element_type=\"container\" data-settings=\"{&quot;background_background&quot;:&quot;classic&quot;}\">\n\t\t\t\t<div class=\"elementor-element elementor-element-1c39f90f elementor-widget elementor-widget-heading\" data-id=\"1c39f90f\" data-element_type=\"widget\" data-widget_type=\"heading.default\">\n\t\t\t\t<div class=\"elementor-widget-container\">\n\t\t\t\t\t<h2 class=\"elementor-heading-title elementor-size-default\">The Collective 62<\/h2>\t\t\t\t<\/div>\n\t\t\t\t<\/div>\n\t\t\t\t<div class=\"elementor-element elementor-element-34708417 elementor-widget elementor-widget-heading\" data-id=\"34708417\" data-element_type=\"widget\" data-widget_type=\"heading.default\">\n\t\t\t\t<div class=\"elementor-widget-container\">\n\t\t\t\t\t<h3 class=\"elementor-heading-title elementor-size-default\">Miami - 2021<\/h3>\t\t\t\t<\/div>\n\t\t\t\t<\/div>\n\t\t\t\t<\/div>\n\t\t<div class=\"elementor-element elementor-element-58097514 e-flex e-con-boxed e-con e-parent\" data-id=\"58097514\" data-element_type=\"container\">\n\t\t\t\t\t<div class=\"e-con-inner\">\n\t\t\t\t<div class=\"elementor-element elementor-element-2de57f00 elementor-widget__width-initial elementor-widget elementor-widget-text-editor\" data-id=\"2de57f00\" data-element_type=\"widget\" data-widget_type=\"text-editor.default\">\n\t\t\t\t<div class=\"elementor-widget-container\">\n\t\t\t\t\t\t\t\t\t<p>En Collective62, colabor\u00e9 con artistas residentes para construir un horno de le\u00f1a con corriente ascendente, no como una exposici\u00f3n colectiva, sino como un experimento compartido. Trabajamos con arcilla, agua, hierba, arena y esti\u00e9rcol, mezcl\u00e1ndolo todo en el pisadero y pis\u00e1ndolo juntos hasta alcanzar la consistencia perfecta. Ese acto se convirti\u00f3 en una met\u00e1fora del proceso en s\u00ed mismo: dejar atr\u00e1s lo que cada uno de nosotros llevaba consigo para convertirnos en uno.<br \/>Una ofrenda al fuego trata sobre la transformaci\u00f3n de los materiales, las perspectivas y nosotros mismos. Al igual que los alquimistas, dejamos que el fuego haga su trabajo: fundir, moldear y revelar lo que hay en su interior. Para m\u00ed, el fuego no es solo un medio, es deseo, la chispa que hace posible el cambio.<\/p>\t\t\t\t\t\t\t\t<\/div>\n\t\t\t\t<\/div>\n\t\t\t\t\t<\/div>\n\t\t\t\t<\/div>\n\t\t<div class=\"elementor-element elementor-element-1332fa83 e-con-full e-flex e-con e-parent\" data-id=\"1332fa83\" data-element_type=\"container\">\n\t\t\t\t<div class=\"elementor-element elementor-element-c99e23d elementor-widget elementor-widget-gallery\" data-id=\"c99e23d\" data-element_type=\"widget\" data-settings=\"{&quot;gallery_layout&quot;:&quot;masonry&quot;,&quot;columns&quot;:3,&quot;columns_mobile&quot;:2,&quot;gap&quot;:{&quot;unit&quot;:&quot;px&quot;,&quot;size&quot;:30,&quot;sizes&quot;:[]},&quot;lazyload&quot;:&quot;yes&quot;,&quot;columns_tablet&quot;:2,&quot;gap_tablet&quot;:{&quot;unit&quot;:&quot;px&quot;,&quot;size&quot;:10,&quot;sizes&quot;:[]},&quot;gap_mobile&quot;:{&quot;unit&quot;:&quot;px&quot;,&quot;size&quot;:10,&quot;sizes&quot;:[]},&quot;overlay_background&quot;:&quot;yes&quot;,&quot;content_hover_animation&quot;:&quot;fade-in&quot;}\" data-widget_type=\"gallery.default\">\n\t\t\t\t<div class=\"elementor-widget-container\">\n\t\t\t\t\t\t\t<div class=\"elementor-gallery__container\">\n\t\t\t\t\t\t\t<div class=\"e-gallery-item elementor-gallery-item elementor-animated-content\">\n\t\t\t\t\t<div class=\"e-gallery-image elementor-gallery-item__image\" data-thumbnail=\"https:\/\/desireederidder.com.ar\/wp-content\/uploads\/2022\/07\/033.webp\" data-width=\"742\" data-height=\"496\" aria-label=\"\" role=\"img\" ><\/div>\n\t\t\t\t\t\t\t\t\t\t\t<div class=\"elementor-gallery-item__overlay\"><\/div>\n\t\t\t\t\t\t\t\t\t\t\t\t\t\t<\/div>\n\t\t\t\t\t\t\t<div class=\"e-gallery-item elementor-gallery-item elementor-animated-content\">\n\t\t\t\t\t<div class=\"e-gallery-image elementor-gallery-item__image\" data-thumbnail=\"https:\/\/desireederidder.com.ar\/wp-content\/uploads\/2022\/07\/A9R1ktbt90_xdh7r8_4gk-copia.webp\" data-width=\"742\" data-height=\"741\" aria-label=\"\" role=\"img\" ><\/div>\n\t\t\t\t\t\t\t\t\t\t\t<div class=\"elementor-gallery-item__overlay\"><\/div>\n\t\t\t\t\t\t\t\t\t\t\t\t\t\t<\/div>\n\t\t\t\t\t\t\t<div class=\"e-gallery-item elementor-gallery-item elementor-animated-content\">\n\t\t\t\t\t<div class=\"e-gallery-image elementor-gallery-item__image\" data-thumbnail=\"https:\/\/desireederidder.com.ar\/wp-content\/uploads\/2025\/09\/IMG_5898-scaled.jpg\" data-width=\"1629\" data-height=\"2560\" aria-label=\"\" role=\"img\" ><\/div>\n\t\t\t\t\t\t\t\t\t\t\t<div class=\"elementor-gallery-item__overlay\"><\/div>\n\t\t\t\t\t\t\t\t\t\t\t\t\t\t<\/div>\n\t\t\t\t\t\t\t<div class=\"e-gallery-item elementor-gallery-item elementor-animated-content\">\n\t\t\t\t\t<div class=\"e-gallery-image elementor-gallery-item__image\" data-thumbnail=\"https:\/\/desireederidder.com.ar\/wp-content\/uploads\/2022\/07\/A9R1l3mve9_xdh7rc_4gk-copia.webp\" data-width=\"742\" data-height=\"742\" aria-label=\"\" role=\"img\" ><\/div>\n\t\t\t\t\t\t\t\t\t\t\t<div class=\"elementor-gallery-item__overlay\"><\/div>\n\t\t\t\t\t\t\t\t\t\t\t\t\t\t<\/div>\n\t\t\t\t\t\t\t<div class=\"e-gallery-item elementor-gallery-item elementor-animated-content\">\n\t\t\t\t\t<div class=\"e-gallery-image elementor-gallery-item__image\" data-thumbnail=\"https:\/\/desireederidder.com.ar\/wp-content\/uploads\/2022\/07\/A9Ruu5sla_xdh7rg_4gk-copia.webp\" data-width=\"742\" data-height=\"742\" aria-label=\"\" role=\"img\" ><\/div>\n\t\t\t\t\t\t\t\t\t\t\t<div class=\"elementor-gallery-item__overlay\"><\/div>\n\t\t\t\t\t\t\t\t\t\t\t\t\t\t<\/div>\n\t\t\t\t\t\t\t<div class=\"e-gallery-item elementor-gallery-item elementor-animated-content\">\n\t\t\t\t\t<div class=\"e-gallery-image elementor-gallery-item__image\" data-thumbnail=\"https:\/\/desireederidder.com.ar\/wp-content\/uploads\/2022\/07\/A9Rdtdptg_xdh7re_4gk-copia.webp\" data-width=\"742\" data-height=\"742\" aria-label=\"\" role=\"img\" ><\/div>\n\t\t\t\t\t\t\t\t\t\t\t<div class=\"elementor-gallery-item__overlay\"><\/div>\n\t\t\t\t\t\t\t\t\t\t\t\t\t\t<\/div>\n\t\t\t\t\t\t\t<div class=\"e-gallery-item elementor-gallery-item elementor-animated-content\">\n\t\t\t\t\t<div class=\"e-gallery-image elementor-gallery-item__image\" data-thumbnail=\"https:\/\/desireederidder.com.ar\/wp-content\/uploads\/2025\/09\/D332F894-0F87-4C6E-942A-3D2B0DA9AA30.jpg\" data-width=\"1440\" data-height=\"1800\" aria-label=\"\" role=\"img\" ><\/div>\n\t\t\t\t\t\t\t\t\t\t\t<div class=\"elementor-gallery-item__overlay\"><\/div>\n\t\t\t\t\t\t\t\t\t\t\t\t\t\t<\/div>\n\t\t\t\t\t<\/div>\n\t\t\t\t\t<\/div>\n\t\t\t\t<\/div>\n\t\t\t\t<\/div>\n\t\t\t\t<\/div>","protected":false},"excerpt":{"rendered":"<p>The Collective 62 Miami &#8211; 2021 At Collective62, I collaborated with resident artists to build a wood-burning updraft kiln \u2014 [&hellip;]<\/p>","protected":false},"author":1,"featured_media":0,"parent":0,"menu_order":0,"comment_status":"closed","ping_status":"closed","template":"","meta":{"site-sidebar-layout":"no-sidebar","site-content-layout":"","ast-site-content-layout":"full-width-container","site-content-style":"default","site-sidebar-style":"default","ast-global-header-display":"","ast-banner-title-visibility":"","ast-main-header-display":"","ast-hfb-above-header-display":"","ast-hfb-below-header-display":"","ast-hfb-mobile-header-display":"","site-post-title":"disabled","ast-breadcrumbs-content":"","ast-featured-img":"disabled","footer-sml-layout":"","theme-transparent-header-meta":"","adv-header-id-meta":"","stick-header-meta":"","header-above-stick-meta":"","header-main-stick-meta":"","header-below-stick-meta":"","astra-migrate-meta-layouts":"default","ast-page-background-enabled":"default","ast-page-background-meta":{"desktop":{"background-color":"var(--ast-global-color-5)","background-image":"","background-repeat":"repeat","background-position":"center center","background-size":"auto","background-attachment":"scroll","background-type":"","background-media":"","overlay-type":"","overlay-color":"","overlay-opacity":"","overlay-gradient":""},"tablet":{"background-color":"","background-image":"","background-repeat":"repeat","background-position":"center center","background-size":"auto","background-attachment":"scroll","background-type":"","background-media":"","overlay-type":"","overlay-color":"","overlay-opacity":"","overlay-gradient":""},"mobile":{"background-color":"","background-image":"","background-repeat":"repeat","background-position":"center center","background-size":"auto","background-attachment":"scroll","background-type":"","background-media":"","overlay-type":"","overlay-color":"","overlay-opacity":"","overlay-gradient":""}},"ast-content-background-meta":{"desktop":{"background-color":"var(--ast-global-color-4)","background-image":"","background-repeat":"repeat","background-position":"center center","background-size":"auto","background-attachment":"scroll","background-type":"","background-media":"","overlay-type":"","overlay-color":"","overlay-opacity":"","overlay-gradient":""},"tablet":{"background-color":"var(--ast-global-color-4)","background-image":"","background-repeat":"repeat","background-position":"center center","background-size":"auto","background-attachment":"scroll","background-type":"","background-media":"","overlay-type":"","overlay-color":"","overlay-opacity":"","overlay-gradient":""},"mobile":{"background-color":"var(--ast-global-color-4)","background-image":"","background-repeat":"repeat","background-position":"center center","background-size":"auto","background-attachment":"scroll","background-type":"","background-media":"","overlay-type":"","overlay-color":"","overlay-opacity":"","overlay-gradient":""}},"footnotes":""},"class_list":["post-977","page","type-page","status-publish","hentry"],"aioseo_notices":[],"yoast_head":"<!-- This site is optimized with the Yoast SEO plugin v25.8 - https:\/\/yoast.com\/wordpress\/plugins\/seo\/ -->\n<title>Nueva the collective 62 - DESIREE DE RIDDER<\/title>\n<meta name=\"robots\" content=\"index, follow, max-snippet:-1, max-image-preview:large, max-video-preview:-1\" \/>\n<link rel=\"canonical\" href=\"https:\/\/desireederidder.com.ar\/es\/nueva-the-collective-62\/\" \/>\n<meta property=\"og:locale\" content=\"es_ES\" \/>\n<meta property=\"og:type\" content=\"article\" \/>\n<meta property=\"og:title\" content=\"Nueva the collective 62 - DESIREE DE RIDDER\" \/>\n<meta property=\"og:description\" content=\"The Collective 62 Miami &#8211; 2021 At Collective62, I collaborated with resident artists to build a wood-burning updraft kiln \u2014 [&hellip;]\" \/>\n<meta property=\"og:url\" content=\"https:\/\/desireederidder.com.ar\/es\/nueva-the-collective-62\/\" \/>\n<meta property=\"og:site_name\" content=\"DESIREE DE RIDDER\" \/>\n<meta property=\"article:modified_time\" content=\"2025-09-15T15:39:16+00:00\" \/>\n<meta name=\"twitter:card\" content=\"summary_large_image\" \/>\n<meta name=\"twitter:label1\" content=\"Tiempo de lectura\" \/>\n\t<meta name=\"twitter:data1\" content=\"1 minute\" \/>\n<script type=\"application\/ld+json\" class=\"yoast-schema-graph\">{\"@context\":\"https:\/\/schema.org\",\"@graph\":[{\"@type\":\"WebPage\",\"@id\":\"https:\/\/desireederidder.com.ar\/nueva-the-collective-62\/\",\"url\":\"https:\/\/desireederidder.com.ar\/nueva-the-collective-62\/\",\"name\":\"Nueva the collective 62 - DESIREE DE RIDDER\",\"isPartOf\":{\"@id\":\"https:\/\/sibesite.com\/desiree2\/#website\"},\"datePublished\":\"2025-08-28T11:39:09+00:00\",\"dateModified\":\"2025-09-15T15:39:16+00:00\",\"breadcrumb\":{\"@id\":\"https:\/\/desireederidder.com.ar\/nueva-the-collective-62\/#breadcrumb\"},\"inLanguage\":\"es-AR\",\"potentialAction\":[{\"@type\":\"ReadAction\",\"target\":[\"https:\/\/desireederidder.com.ar\/nueva-the-collective-62\/\"]}]},{\"@type\":\"BreadcrumbList\",\"@id\":\"https:\/\/desireederidder.com.ar\/nueva-the-collective-62\/#breadcrumb\",\"itemListElement\":[{\"@type\":\"ListItem\",\"position\":1,\"name\":\"Portada\",\"item\":\"https:\/\/desireederidder.com.ar\/\"},{\"@type\":\"ListItem\",\"position\":2,\"name\":\"Nueva the collective 62\"}]},{\"@type\":\"WebSite\",\"@id\":\"https:\/\/sibesite.com\/desiree2\/#website\",\"url\":\"https:\/\/sibesite.com\/desiree2\/\",\"name\":\"DESIREE DE RIDDER\",\"description\":\"\",\"potentialAction\":[{\"@type\":\"SearchAction\",\"target\":{\"@type\":\"EntryPoint\",\"urlTemplate\":\"https:\/\/sibesite.com\/desiree2\/?s={search_term_string}\"},\"query-input\":{\"@type\":\"PropertyValueSpecification\",\"valueRequired\":true,\"valueName\":\"search_term_string\"}}],\"inLanguage\":\"es-AR\"}]}<\/script>\n<!-- \/ Yoast SEO plugin. -->","yoast_head_json":{"title":"Nueva the collective 62 - DESIREE DE RIDDER","robots":{"index":"index","follow":"follow","max-snippet":"max-snippet:-1","max-image-preview":"max-image-preview:large","max-video-preview":"max-video-preview:-1"},"canonical":"https:\/\/desireederidder.com.ar\/es\/nueva-the-collective-62\/","og_locale":"es_ES","og_type":"article","og_title":"Nueva the collective 62 - DESIREE DE RIDDER","og_description":"The Collective 62 Miami &#8211; 2021 At Collective62, I collaborated with resident artists to build a wood-burning updraft kiln \u2014 [&hellip;]","og_url":"https:\/\/desireederidder.com.ar\/es\/nueva-the-collective-62\/","og_site_name":"DESIREE DE RIDDER","article_modified_time":"2025-09-15T15:39:16+00:00","twitter_card":"summary_large_image","twitter_misc":{"Tiempo de lectura":"1 minute"},"schema":{"@context":"https:\/\/schema.org","@graph":[{"@type":"WebPage","@id":"https:\/\/desireederidder.com.ar\/nueva-the-collective-62\/","url":"https:\/\/desireederidder.com.ar\/nueva-the-collective-62\/","name":"Nueva the collective 62 - DESIREE DE RIDDER","isPartOf":{"@id":"https:\/\/sibesite.com\/desiree2\/#website"},"datePublished":"2025-08-28T11:39:09+00:00","dateModified":"2025-09-15T15:39:16+00:00","breadcrumb":{"@id":"https:\/\/desireederidder.com.ar\/nueva-the-collective-62\/#breadcrumb"},"inLanguage":"es-AR","potentialAction":[{"@type":"ReadAction","target":["https:\/\/desireederidder.com.ar\/nueva-the-collective-62\/"]}]},{"@type":"BreadcrumbList","@id":"https:\/\/desireederidder.com.ar\/nueva-the-collective-62\/#breadcrumb","itemListElement":[{"@type":"ListItem","position":1,"name":"Portada","item":"https:\/\/desireederidder.com.ar\/"},{"@type":"ListItem","position":2,"name":"Nueva the collective 62"}]},{"@type":"WebSite","@id":"https:\/\/sibesite.com\/desiree2\/#website","url":"https:\/\/sibesite.com\/desiree2\/","name":"DESIREE DE RIDDER","description":"","potentialAction":[{"@type":"SearchAction","target":{"@type":"EntryPoint","urlTemplate":"https:\/\/sibesite.com\/desiree2\/?s={search_term_string}"},"query-input":{"@type":"PropertyValueSpecification","valueRequired":true,"valueName":"search_term_string"}}],"inLanguage":"es-AR"}]}},"_links":{"self":[{"href":"https:\/\/desireederidder.com.ar\/es\/wp-json\/wp\/v2\/pages\/977","targetHints":{"allow":["GET"]}}],"collection":[{"href":"https:\/\/desireederidder.com.ar\/es\/wp-json\/wp\/v2\/pages"}],"about":[{"href":"https:\/\/desireederidder.com.ar\/es\/wp-json\/wp\/v2\/types\/page"}],"author":[{"embeddable":true,"href":"https:\/\/desireederidder.com.ar\/es\/wp-json\/wp\/v2\/users\/1"}],"replies":[{"embeddable":true,"href":"https:\/\/desireederidder.com.ar\/es\/wp-json\/wp\/v2\/comments?post=977"}],"version-history":[{"count":16,"href":"https:\/\/desireederidder.com.ar\/es\/wp-json\/wp\/v2\/pages\/977\/revisions"}],"predecessor-version":[{"id":1334,"href":"https:\/\/desireederidder.com.ar\/es\/wp-json\/wp\/v2\/pages\/977\/revisions\/1334"}],"wp:attachment":[{"href":"https:\/\/desireederidder.com.ar\/es\/wp-json\/wp\/v2\/media?parent=977"}],"curies":[{"name":"wp","href":"https:\/\/api.w.org\/{rel}","templated":true}]}}