{"id":982,"date":"2025-08-28T11:41:55","date_gmt":"2025-08-28T11:41:55","guid":{"rendered":"https:\/\/desireederidder.com.ar\/?page_id=982"},"modified":"2025-09-04T16:45:06","modified_gmt":"2025-09-04T16:45:06","slug":"the-origin-of-origins","status":"publish","type":"page","link":"https:\/\/desireederidder.com.ar\/es\/the-origin-of-origins\/","title":{"rendered":"El Origen del origen"},"content":{"rendered":"<div data-elementor-type=\"wp-page\" data-elementor-id=\"982\" class=\"elementor elementor-982\" data-elementor-post-type=\"page\">\n\t\t\t\t<div class=\"elementor-element elementor-element-21a979c3 e-con-full e-flex e-con e-parent\" data-id=\"21a979c3\" data-element_type=\"container\" data-settings=\"{&quot;background_background&quot;:&quot;classic&quot;}\">\n\t\t\t\t<div class=\"elementor-element elementor-element-6f8364f7 elementor-widget elementor-widget-heading\" data-id=\"6f8364f7\" data-element_type=\"widget\" data-widget_type=\"heading.default\">\n\t\t\t\t<div class=\"elementor-widget-container\">\n\t\t\t\t\t<h2 class=\"elementor-heading-title elementor-size-default\">El Origen del origen<\/h2>\t\t\t\t<\/div>\n\t\t\t\t<\/div>\n\t\t\t\t<div class=\"elementor-element elementor-element-6f88745d elementor-widget elementor-widget-heading\" data-id=\"6f88745d\" data-element_type=\"widget\" data-widget_type=\"heading.default\">\n\t\t\t\t<div class=\"elementor-widget-container\">\n\t\t\t\t\t<h3 class=\"elementor-heading-title elementor-size-default\">2023<\/h3>\t\t\t\t<\/div>\n\t\t\t\t<\/div>\n\t\t\t\t<\/div>\n\t\t<div class=\"elementor-element elementor-element-5c6541bb e-flex e-con-boxed e-con e-parent\" data-id=\"5c6541bb\" data-element_type=\"container\">\n\t\t\t\t\t<div class=\"e-con-inner\">\n\t\t\t\t<div class=\"elementor-element elementor-element-54b19fff elementor-widget__width-initial elementor-widget elementor-widget-text-editor\" data-id=\"54b19fff\" data-element_type=\"widget\" data-widget_type=\"text-editor.default\">\n\t\t\t\t<div class=\"elementor-widget-container\">\n\t\t\t\t\t\t\t\t\t<p><span style=\"font-weight: 400;\">Con Alfredo Mu\u00f1oz, compart\u00ed una experiencia en los Valles Calchaqu\u00edes que nos llev\u00f3 a buscar lo m\u00e1s antiguo: el <\/span><i><span style=\"font-weight: 400;\">Ur<\/span><\/i><span style=\"font-weight: 400;\">, ese tiempo anterior al tiempo en el que el mito y la materia se funden. Nuestro punto de encuentro fue la cer\u00e1mica, la uni\u00f3n de la tierra, el agua, el fuego y el aire, transformada por la mano del hombre.<\/span><\/p><p><span style=\"font-weight: 400;\">En esta exposici\u00f3n rendimos homenaje a los elementos y a lo sagrado de la naturaleza: la arcilla y la le\u00f1a, el ma\u00edz y el agua, el tabaco y las semillas, los animales y guerreros que model\u00e9, Alfredo... <\/span><i><span style=\"font-weight: 400;\">apachetas<\/span><\/i><span style=\"font-weight: 400;\">, y los \u00e1rboles aut\u00f3ctonos que cierran el recorrido. Todo nos invita a recordar que somos viajeros en esta tierra, peregrinos que dan gracias por lo esencial.<\/span><\/p><p><span style=\"font-weight: 400;\">Volver al origen nunca es f\u00e1cil, pero en cada recipiente, en cada tronco, en cada fuego que ilumina la noche, intento reconectar con lo sencillo, con lo sagrado, con la infinita generosidad de la Madre Tierra.<\/span><\/p>\t\t\t\t\t\t\t\t<\/div>\n\t\t\t\t<\/div>\n\t\t\t\t\t<\/div>\n\t\t\t\t<\/div>\n\t\t<div class=\"elementor-element elementor-element-164eedd7 e-con-full e-flex e-con e-parent\" data-id=\"164eedd7\" data-element_type=\"container\">\n\t\t\t\t<div class=\"elementor-element elementor-element-69e7f039 elementor-widget elementor-widget-gallery\" data-id=\"69e7f039\" data-element_type=\"widget\" data-settings=\"{&quot;gallery_layout&quot;:&quot;masonry&quot;,&quot;columns&quot;:2,&quot;columns_mobile&quot;:2,&quot;gap&quot;:{&quot;unit&quot;:&quot;px&quot;,&quot;size&quot;:30,&quot;sizes&quot;:[]},&quot;lazyload&quot;:&quot;yes&quot;,&quot;columns_tablet&quot;:2,&quot;gap_tablet&quot;:{&quot;unit&quot;:&quot;px&quot;,&quot;size&quot;:10,&quot;sizes&quot;:[]},&quot;gap_mobile&quot;:{&quot;unit&quot;:&quot;px&quot;,&quot;size&quot;:10,&quot;sizes&quot;:[]},&quot;overlay_background&quot;:&quot;yes&quot;,&quot;content_hover_animation&quot;:&quot;fade-in&quot;}\" data-widget_type=\"gallery.default\">\n\t\t\t\t<div class=\"elementor-widget-container\">\n\t\t\t\t\t\t\t<div class=\"elementor-gallery__container\">\n\t\t\t\t\t\t\t<div class=\"e-gallery-item elementor-gallery-item elementor-animated-content\">\n\t\t\t\t\t<div class=\"e-gallery-image elementor-gallery-item__image\" data-thumbnail=\"https:\/\/desireederidder.com.ar\/wp-content\/uploads\/2025\/08\/sala-8-e-scaled.jpeg\" data-width=\"2560\" data-height=\"1538\" aria-label=\"\" role=\"img\" ><\/div>\n\t\t\t\t\t\t\t\t\t\t\t<div class=\"elementor-gallery-item__overlay\"><\/div>\n\t\t\t\t\t\t\t\t\t\t\t\t\t\t<\/div>\n\t\t\t\t\t\t\t<div class=\"e-gallery-item elementor-gallery-item elementor-animated-content\">\n\t\t\t\t\t<div class=\"e-gallery-image elementor-gallery-item__image\" data-thumbnail=\"https:\/\/desireederidder.com.ar\/wp-content\/uploads\/2025\/08\/sala-1-c-scaled.jpeg\" data-width=\"2560\" data-height=\"1707\" aria-label=\"\" role=\"img\" ><\/div>\n\t\t\t\t\t\t\t\t\t\t\t<div class=\"elementor-gallery-item__overlay\"><\/div>\n\t\t\t\t\t\t\t\t\t\t\t\t\t\t<\/div>\n\t\t\t\t\t\t\t<div class=\"e-gallery-item elementor-gallery-item elementor-animated-content\">\n\t\t\t\t\t<div class=\"e-gallery-image elementor-gallery-item__image\" data-thumbnail=\"https:\/\/desireederidder.com.ar\/wp-content\/uploads\/2025\/08\/sala-7-d-scaled.jpeg\" data-width=\"1653\" data-height=\"2560\" aria-label=\"\" role=\"img\" ><\/div>\n\t\t\t\t\t\t\t\t\t\t\t<div class=\"elementor-gallery-item__overlay\"><\/div>\n\t\t\t\t\t\t\t\t\t\t\t\t\t\t<\/div>\n\t\t\t\t\t\t\t<div class=\"e-gallery-item elementor-gallery-item elementor-animated-content\">\n\t\t\t\t\t<div class=\"e-gallery-image elementor-gallery-item__image\" data-thumbnail=\"https:\/\/desireederidder.com.ar\/wp-content\/uploads\/2025\/08\/sala-3-a-scaled.jpeg\" data-width=\"2560\" data-height=\"1441\" aria-label=\"\" role=\"img\" ><\/div>\n\t\t\t\t\t\t\t\t\t\t\t<div class=\"elementor-gallery-item__overlay\"><\/div>\n\t\t\t\t\t\t\t\t\t\t\t\t\t\t<\/div>\n\t\t\t\t\t\t\t<div class=\"e-gallery-item elementor-gallery-item elementor-animated-content\">\n\t\t\t\t\t<div class=\"e-gallery-image elementor-gallery-item__image\" data-thumbnail=\"https:\/\/desireederidder.com.ar\/wp-content\/uploads\/2025\/08\/sala-5-scaled.jpeg\" data-width=\"2560\" data-height=\"1391\" aria-label=\"\" role=\"img\" ><\/div>\n\t\t\t\t\t\t\t\t\t\t\t<div class=\"elementor-gallery-item__overlay\"><\/div>\n\t\t\t\t\t\t\t\t\t\t\t\t\t\t<\/div>\n\t\t\t\t\t\t\t<div class=\"e-gallery-item elementor-gallery-item elementor-animated-content\">\n\t\t\t\t\t<div class=\"e-gallery-image elementor-gallery-item__image\" data-thumbnail=\"https:\/\/desireederidder.com.ar\/wp-content\/uploads\/2025\/08\/sala-6-d-scaled.jpeg\" data-width=\"2560\" data-height=\"1441\" aria-label=\"\" role=\"img\" ><\/div>\n\t\t\t\t\t\t\t\t\t\t\t<div class=\"elementor-gallery-item__overlay\"><\/div>\n\t\t\t\t\t\t\t\t\t\t\t\t\t\t<\/div>\n\t\t\t\t\t<\/div>\n\t\t\t\t\t<\/div>\n\t\t\t\t<\/div>\n\t\t\t\t<\/div>\n\t\t\t\t<\/div>","protected":false},"excerpt":{"rendered":"<p>The Origin of origins 2023 With Alfredo Mu\u00f1oz, I shared an experience in the Calchaqu\u00ed Valleys that led us to [&hellip;]<\/p>","protected":false},"author":1,"featured_media":0,"parent":0,"menu_order":0,"comment_status":"closed","ping_status":"closed","template":"","meta":{"site-sidebar-layout":"no-sidebar","site-content-layout":"","ast-site-content-layout":"full-width-container","site-content-style":"default","site-sidebar-style":"default","ast-global-header-display":"","ast-banner-title-visibility":"","ast-main-header-display":"","ast-hfb-above-header-display":"","ast-hfb-below-header-display":"","ast-hfb-mobile-header-display":"","site-post-title":"disabled","ast-breadcrumbs-content":"","ast-featured-img":"disabled","footer-sml-layout":"","theme-transparent-header-meta":"","adv-header-id-meta":"","stick-header-meta":"","header-above-stick-meta":"","header-main-stick-meta":"","header-below-stick-meta":"","astra-migrate-meta-layouts":"default","ast-page-background-enabled":"default","ast-page-background-meta":{"desktop":{"background-color":"var(--ast-global-color-5)","background-image":"","background-repeat":"repeat","background-position":"center center","background-size":"auto","background-attachment":"scroll","background-type":"","background-media":"","overlay-type":"","overlay-color":"","overlay-opacity":"","overlay-gradient":""},"tablet":{"background-color":"","background-image":"","background-repeat":"repeat","background-position":"center center","background-size":"auto","background-attachment":"scroll","background-type":"","background-media":"","overlay-type":"","overlay-color":"","overlay-opacity":"","overlay-gradient":""},"mobile":{"background-color":"","background-image":"","background-repeat":"repeat","background-position":"center center","background-size":"auto","background-attachment":"scroll","background-type":"","background-media":"","overlay-type":"","overlay-color":"","overlay-opacity":"","overlay-gradient":""}},"ast-content-background-meta":{"desktop":{"background-color":"var(--ast-global-color-4)","background-image":"","background-repeat":"repeat","background-position":"center center","background-size":"auto","background-attachment":"scroll","background-type":"","background-media":"","overlay-type":"","overlay-color":"","overlay-opacity":"","overlay-gradient":""},"tablet":{"background-color":"var(--ast-global-color-4)","background-image":"","background-repeat":"repeat","background-position":"center center","background-size":"auto","background-attachment":"scroll","background-type":"","background-media":"","overlay-type":"","overlay-color":"","overlay-opacity":"","overlay-gradient":""},"mobile":{"background-color":"var(--ast-global-color-4)","background-image":"","background-repeat":"repeat","background-position":"center center","background-size":"auto","background-attachment":"scroll","background-type":"","background-media":"","overlay-type":"","overlay-color":"","overlay-opacity":"","overlay-gradient":""}},"footnotes":""},"class_list":["post-982","page","type-page","status-publish","hentry"],"aioseo_notices":[],"yoast_head":"<!-- This site is optimized with the Yoast SEO plugin v25.8 - https:\/\/yoast.com\/wordpress\/plugins\/seo\/ -->\n<title>The Origin of origins - DESIREE DE RIDDER<\/title>\n<meta name=\"robots\" content=\"index, follow, max-snippet:-1, max-image-preview:large, max-video-preview:-1\" \/>\n<link rel=\"canonical\" href=\"https:\/\/desireederidder.com.ar\/es\/the-origin-of-origins\/\" \/>\n<meta property=\"og:locale\" content=\"es_ES\" \/>\n<meta property=\"og:type\" content=\"article\" \/>\n<meta property=\"og:title\" content=\"The Origin of origins - DESIREE DE RIDDER\" \/>\n<meta property=\"og:description\" content=\"The Origin of origins 2023 With Alfredo Mu\u00f1oz, I shared an experience in the Calchaqu\u00ed Valleys that led us to [&hellip;]\" \/>\n<meta property=\"og:url\" content=\"https:\/\/desireederidder.com.ar\/es\/the-origin-of-origins\/\" \/>\n<meta property=\"og:site_name\" content=\"DESIREE DE RIDDER\" \/>\n<meta property=\"article:modified_time\" content=\"2025-09-04T16:45:06+00:00\" \/>\n<meta name=\"twitter:card\" content=\"summary_large_image\" \/>\n<meta name=\"twitter:label1\" content=\"Tiempo de lectura\" \/>\n\t<meta name=\"twitter:data1\" content=\"1 minute\" \/>\n<script type=\"application\/ld+json\" class=\"yoast-schema-graph\">{\"@context\":\"https:\/\/schema.org\",\"@graph\":[{\"@type\":\"WebPage\",\"@id\":\"https:\/\/desireederidder.com.ar\/the-origin-of-origins\/\",\"url\":\"https:\/\/desireederidder.com.ar\/the-origin-of-origins\/\",\"name\":\"The Origin of origins - DESIREE DE RIDDER\",\"isPartOf\":{\"@id\":\"https:\/\/sibesite.com\/desiree2\/#website\"},\"datePublished\":\"2025-08-28T11:41:55+00:00\",\"dateModified\":\"2025-09-04T16:45:06+00:00\",\"breadcrumb\":{\"@id\":\"https:\/\/desireederidder.com.ar\/the-origin-of-origins\/#breadcrumb\"},\"inLanguage\":\"es-AR\",\"potentialAction\":[{\"@type\":\"ReadAction\",\"target\":[\"https:\/\/desireederidder.com.ar\/the-origin-of-origins\/\"]}]},{\"@type\":\"BreadcrumbList\",\"@id\":\"https:\/\/desireederidder.com.ar\/the-origin-of-origins\/#breadcrumb\",\"itemListElement\":[{\"@type\":\"ListItem\",\"position\":1,\"name\":\"Portada\",\"item\":\"https:\/\/desireederidder.com.ar\/\"},{\"@type\":\"ListItem\",\"position\":2,\"name\":\"The Origin of origins\"}]},{\"@type\":\"WebSite\",\"@id\":\"https:\/\/sibesite.com\/desiree2\/#website\",\"url\":\"https:\/\/sibesite.com\/desiree2\/\",\"name\":\"DESIREE DE RIDDER\",\"description\":\"\",\"potentialAction\":[{\"@type\":\"SearchAction\",\"target\":{\"@type\":\"EntryPoint\",\"urlTemplate\":\"https:\/\/sibesite.com\/desiree2\/?s={search_term_string}\"},\"query-input\":{\"@type\":\"PropertyValueSpecification\",\"valueRequired\":true,\"valueName\":\"search_term_string\"}}],\"inLanguage\":\"es-AR\"}]}<\/script>\n<!-- \/ Yoast SEO plugin. -->","yoast_head_json":{"title":"The Origin of origins - DESIREE DE RIDDER","robots":{"index":"index","follow":"follow","max-snippet":"max-snippet:-1","max-image-preview":"max-image-preview:large","max-video-preview":"max-video-preview:-1"},"canonical":"https:\/\/desireederidder.com.ar\/es\/the-origin-of-origins\/","og_locale":"es_ES","og_type":"article","og_title":"The Origin of origins - DESIREE DE RIDDER","og_description":"The Origin of origins 2023 With Alfredo Mu\u00f1oz, I shared an experience in the Calchaqu\u00ed Valleys that led us to [&hellip;]","og_url":"https:\/\/desireederidder.com.ar\/es\/the-origin-of-origins\/","og_site_name":"DESIREE DE RIDDER","article_modified_time":"2025-09-04T16:45:06+00:00","twitter_card":"summary_large_image","twitter_misc":{"Tiempo de lectura":"1 minute"},"schema":{"@context":"https:\/\/schema.org","@graph":[{"@type":"WebPage","@id":"https:\/\/desireederidder.com.ar\/the-origin-of-origins\/","url":"https:\/\/desireederidder.com.ar\/the-origin-of-origins\/","name":"The Origin of origins - DESIREE DE RIDDER","isPartOf":{"@id":"https:\/\/sibesite.com\/desiree2\/#website"},"datePublished":"2025-08-28T11:41:55+00:00","dateModified":"2025-09-04T16:45:06+00:00","breadcrumb":{"@id":"https:\/\/desireederidder.com.ar\/the-origin-of-origins\/#breadcrumb"},"inLanguage":"es-AR","potentialAction":[{"@type":"ReadAction","target":["https:\/\/desireederidder.com.ar\/the-origin-of-origins\/"]}]},{"@type":"BreadcrumbList","@id":"https:\/\/desireederidder.com.ar\/the-origin-of-origins\/#breadcrumb","itemListElement":[{"@type":"ListItem","position":1,"name":"Portada","item":"https:\/\/desireederidder.com.ar\/"},{"@type":"ListItem","position":2,"name":"The Origin of origins"}]},{"@type":"WebSite","@id":"https:\/\/sibesite.com\/desiree2\/#website","url":"https:\/\/sibesite.com\/desiree2\/","name":"DESIREE DE RIDDER","description":"","potentialAction":[{"@type":"SearchAction","target":{"@type":"EntryPoint","urlTemplate":"https:\/\/sibesite.com\/desiree2\/?s={search_term_string}"},"query-input":{"@type":"PropertyValueSpecification","valueRequired":true,"valueName":"search_term_string"}}],"inLanguage":"es-AR"}]}},"_links":{"self":[{"href":"https:\/\/desireederidder.com.ar\/es\/wp-json\/wp\/v2\/pages\/982","targetHints":{"allow":["GET"]}}],"collection":[{"href":"https:\/\/desireederidder.com.ar\/es\/wp-json\/wp\/v2\/pages"}],"about":[{"href":"https:\/\/desireederidder.com.ar\/es\/wp-json\/wp\/v2\/types\/page"}],"author":[{"embeddable":true,"href":"https:\/\/desireederidder.com.ar\/es\/wp-json\/wp\/v2\/users\/1"}],"replies":[{"embeddable":true,"href":"https:\/\/desireederidder.com.ar\/es\/wp-json\/wp\/v2\/comments?post=982"}],"version-history":[{"count":30,"href":"https:\/\/desireederidder.com.ar\/es\/wp-json\/wp\/v2\/pages\/982\/revisions"}],"predecessor-version":[{"id":1305,"href":"https:\/\/desireederidder.com.ar\/es\/wp-json\/wp\/v2\/pages\/982\/revisions\/1305"}],"wp:attachment":[{"href":"https:\/\/desireederidder.com.ar\/es\/wp-json\/wp\/v2\/media?parent=982"}],"curies":[{"name":"wp","href":"https:\/\/api.w.org\/{rel}","templated":true}]}}