{"id":985,"date":"2025-08-28T11:45:08","date_gmt":"2025-08-28T11:45:08","guid":{"rendered":"https:\/\/desireederidder.com.ar\/?page_id=985"},"modified":"2025-09-04T16:53:42","modified_gmt":"2025-09-04T16:53:42","slug":"casa-la-providencia","status":"publish","type":"page","link":"https:\/\/desireederidder.com.ar\/es\/casa-la-providencia\/","title":{"rendered":"Casa La Providencia"},"content":{"rendered":"<div data-elementor-type=\"wp-page\" data-elementor-id=\"985\" class=\"elementor elementor-985\" data-elementor-post-type=\"page\">\n\t\t\t\t<div class=\"elementor-element elementor-element-11088b8a e-con-full e-flex e-con e-parent\" data-id=\"11088b8a\" data-element_type=\"container\" data-settings=\"{&quot;background_background&quot;:&quot;classic&quot;}\">\n\t\t\t\t<div class=\"elementor-element elementor-element-6ee462b3 elementor-widget elementor-widget-heading\" data-id=\"6ee462b3\" data-element_type=\"widget\" data-widget_type=\"heading.default\">\n\t\t\t\t<div class=\"elementor-widget-container\">\n\t\t\t\t\t<h2 class=\"elementor-heading-title elementor-size-default\">Casa La Providencia<\/h2>\t\t\t\t<\/div>\n\t\t\t\t<\/div>\n\t\t\t\t<\/div>\n\t\t<div class=\"elementor-element elementor-element-4e8bedb5 e-flex e-con-boxed e-con e-parent\" data-id=\"4e8bedb5\" data-element_type=\"container\">\n\t\t\t\t\t<div class=\"e-con-inner\">\n\t\t\t\t<div class=\"elementor-element elementor-element-3829f45 elementor-widget__width-initial elementor-widget elementor-widget-text-editor\" data-id=\"3829f45\" data-element_type=\"widget\" data-widget_type=\"text-editor.default\">\n\t\t\t\t<div class=\"elementor-widget-container\">\n\t\t\t\t\t\t\t\t\t<p>La Providencia es una casa-taller y residencia de artistas en la pampa de Buenos Aires donde el arte, la cer\u00e1mica y la bioconstrucci\u00f3n conviven en di\u00e1logo con la naturaleza. Nacida en el barrio hist\u00f3rico dise\u00f1ado por Jorge Bustillo (1964) y rodeada por un parque arbolado de diez hect\u00e1reas, hoy es un espacio de creaci\u00f3n, formaci\u00f3n y encuentro. El proyecto est\u00e1 dirigido por Desir\u00e9e De Ridder (artista visual y ceramista) y su hija Valentina Regazzoni (bioconstructora): juntas transformaron el antiguo almac\u00e9n rural utilizando t\u00e9cnicas de construcci\u00f3n naturales y lo equiparon como un gran estudio con un horno de le\u00f1a, \u00e1reas de trabajo y exposici\u00f3n, y un huerto biodin\u00e1mico; los animales campan a sus anchas y forman parte del paisaje cotidiano.<\/p>\t\t\t\t\t\t\t\t<\/div>\n\t\t\t\t<\/div>\n\t\t\t\t\t<\/div>\n\t\t\t\t<\/div>\n\t\t<div class=\"elementor-element elementor-element-360e5565 e-flex e-con-boxed e-con e-parent\" data-id=\"360e5565\" data-element_type=\"container\">\n\t\t\t\t\t<div class=\"e-con-inner\">\n\t\t\t\t<div class=\"elementor-element elementor-element-48389c03 elementor-arrows-position-outside elementor-pagination-position-outside elementor-widget elementor-widget-image-carousel\" data-id=\"48389c03\" data-element_type=\"widget\" data-settings=\"{&quot;slides_to_show&quot;:&quot;1&quot;,&quot;lazyload&quot;:&quot;yes&quot;,&quot;navigation&quot;:&quot;both&quot;,&quot;autoplay&quot;:&quot;yes&quot;,&quot;pause_on_hover&quot;:&quot;yes&quot;,&quot;pause_on_interaction&quot;:&quot;yes&quot;,&quot;autoplay_speed&quot;:5000,&quot;infinite&quot;:&quot;yes&quot;,&quot;effect&quot;:&quot;slide&quot;,&quot;speed&quot;:500}\" data-widget_type=\"image-carousel.default\">\n\t\t\t\t<div class=\"elementor-widget-container\">\n\t\t\t\t\t\t\t<div class=\"elementor-image-carousel-wrapper swiper\" role=\"region\" aria-roledescription=\"carousel\" aria-label=\"Carrusel de im\u00e1genes\" dir=\"ltr\">\n\t\t\t<div class=\"elementor-image-carousel swiper-wrapper\" aria-live=\"off\">\n\t\t\t\t\t\t\t\t<div class=\"swiper-slide\" role=\"group\" aria-roledescription=\"slide\" aria-label=\"1 of 5\" data-no-translation-aria-label=\"\"><figure class=\"swiper-slide-inner\"><img class=\"swiper-slide-image swiper-lazy\" data-src=\"https:\/\/desireederidder.com.ar\/wp-content\/uploads\/2025\/08\/Rectangle-48.png\" alt=\"Rectangle 48\" \/><div class=\"swiper-lazy-preloader\"><\/div><\/figure><\/div><div class=\"swiper-slide\" role=\"group\" aria-roledescription=\"slide\" aria-label=\"2 of 5\" data-no-translation-aria-label=\"\"><figure class=\"swiper-slide-inner\"><img class=\"swiper-slide-image swiper-lazy\" data-src=\"https:\/\/desireederidder.com.ar\/wp-content\/uploads\/2025\/08\/Rectangle-49.png\" alt=\"Rectangle 49\" \/><div class=\"swiper-lazy-preloader\"><\/div><\/figure><\/div><div class=\"swiper-slide\" role=\"group\" aria-roledescription=\"slide\" aria-label=\"3 of 5\" data-no-translation-aria-label=\"\"><figure class=\"swiper-slide-inner\"><img class=\"swiper-slide-image swiper-lazy\" data-src=\"https:\/\/desireederidder.com.ar\/wp-content\/uploads\/2025\/08\/Rectangle-50.png\" alt=\"Rectangle 50\" \/><div class=\"swiper-lazy-preloader\"><\/div><\/figure><\/div><div class=\"swiper-slide\" role=\"group\" aria-roledescription=\"slide\" aria-label=\"4 of 5\" data-no-translation-aria-label=\"\"><figure class=\"swiper-slide-inner\"><img class=\"swiper-slide-image swiper-lazy\" data-src=\"https:\/\/desireederidder.com.ar\/wp-content\/uploads\/2025\/08\/Rectangle-51.png\" alt=\"Rectangle 51\" \/><div class=\"swiper-lazy-preloader\"><\/div><\/figure><\/div><div class=\"swiper-slide\" role=\"group\" aria-roledescription=\"slide\" aria-label=\"5 of 5\" data-no-translation-aria-label=\"\"><figure class=\"swiper-slide-inner\"><img class=\"swiper-slide-image swiper-lazy\" data-src=\"https:\/\/desireederidder.com.ar\/wp-content\/uploads\/2025\/08\/Rectangle-52.png\" alt=\"Rectangle 52\" \/><div class=\"swiper-lazy-preloader\"><\/div><\/figure><\/div>\t\t\t<\/div>\n\t\t\t\t\t\t\t\t\t\t\t\t<div class=\"elementor-swiper-button elementor-swiper-button-prev\" role=\"button\" tabindex=\"0\">\n\t\t\t\t\t\t<svg xmlns=\"http:\/\/www.w3.org\/2000\/svg\" width=\"39\" height=\"16\" viewbox=\"0 0 39 16\" fill=\"none\"><path d=\"M0.292892 7.29289C-0.0976295 7.68342 -0.0976295 8.31658 0.292892 8.70711L6.65685 15.0711C7.04738 15.4616 7.68054 15.4616 8.07107 15.0711C8.46159 14.6805 8.46159 14.0474 8.07107 13.6569L2.41422 8L8.07107 2.34315C8.46159 1.95262 8.46159 1.31946 8.07107 0.928932C7.68054 0.538408 7.04738 0.538408 6.65685 0.928932L0.292892 7.29289ZM39 8V7L1 7V8V9L39 9V8Z\" fill=\"#E3A655\"><\/path><\/svg>\t\t\t\t\t<\/div>\n\t\t\t\t\t<div class=\"elementor-swiper-button elementor-swiper-button-next\" role=\"button\" tabindex=\"0\">\n\t\t\t\t\t\t<svg xmlns=\"http:\/\/www.w3.org\/2000\/svg\" width=\"39\" height=\"16\" viewbox=\"0 0 39 16\" fill=\"none\"><path d=\"M38.7071 8.7071C39.0976 8.31658 39.0976 7.68341 38.7071 7.29289L32.3431 0.928929C31.9526 0.538405 31.3195 0.538405 30.9289 0.928929C30.5384 1.31945 30.5384 1.95262 30.9289 2.34314L36.5858 8L30.9289 13.6569C30.5384 14.0474 30.5384 14.6805 30.9289 15.0711C31.3195 15.4616 31.9526 15.4616 32.3431 15.0711L38.7071 8.7071ZM0 8L8.74228e-08 9L38 9L38 8L38 7L-8.74228e-08 7L0 8Z\" fill=\"#E3A655\"><\/path><\/svg>\t\t\t\t\t<\/div>\n\t\t\t\t\n\t\t\t\t\t\t\t\t\t<div class=\"swiper-pagination\"><\/div>\n\t\t\t\t\t\t\t\t\t<\/div>\n\t\t\t\t\t\t<\/div>\n\t\t\t\t<\/div>\n\t\t\t\t\t<\/div>\n\t\t\t\t<\/div>\n\t\t<div class=\"elementor-element elementor-element-3f22f4c4 e-flex e-con-boxed e-con e-parent\" data-id=\"3f22f4c4\" data-element_type=\"container\">\n\t\t\t\t\t<div class=\"e-con-inner\">\n\t\t\t\t<div class=\"elementor-element elementor-element-6899ba67 elementor-widget__width-initial elementor-widget elementor-widget-text-editor\" data-id=\"6899ba67\" data-element_type=\"widget\" data-widget_type=\"text-editor.default\">\n\t\t\t\t<div class=\"elementor-widget-container\">\n\t\t\t\t\t\t\t\t\t<p>La Providencia acoge residencias art\u00edsticas, talleres y cursos de cer\u00e1mica, bioconstrucci\u00f3n, dibujo y dise\u00f1o sostenible, as\u00ed como exposiciones, charlas, proyecciones, retiros y talleres en equipo. El espacio tambi\u00e9n se puede alquilar para conferencias y producciones. Todo se hace prestando especial atenci\u00f3n a los procesos cuidadosos, los materiales de alta calidad, la sostenibilidad y el bienestar animal. Se encuentra en la Ruta 7, km 328.<\/p><p>Para conocer las fechas y las pr\u00f3ximas actividades, consulte el calendario de La Providencia o escriba a <span style=\"color: #47604d;\"><a style=\"color: #47604d;\" href=\"mailto:desireederidder@hotmail.com\">desireederidder@hotmail.com<\/a><\/span><\/p><p><span style=\"text-decoration: underline; color: #47604d;\"><a style=\"color: #47604d; text-decoration: underline;\" href=\"https:\/\/www.casalaprovidencia.com.ar\/\">Visit La Providencia&#8217;s website<\/a><\/span><\/p>\t\t\t\t\t\t\t\t<\/div>\n\t\t\t\t<\/div>\n\t\t\t\t\t<\/div>\n\t\t\t\t<\/div>\n\t\t\t\t<\/div>","protected":false},"excerpt":{"rendered":"<p>Casa La Providencia La Providencia is a house-workshop and artist residence in the Buenos Aires pampas where art, ceramics, and [&hellip;]<\/p>","protected":false},"author":1,"featured_media":0,"parent":0,"menu_order":0,"comment_status":"closed","ping_status":"closed","template":"","meta":{"site-sidebar-layout":"no-sidebar","site-content-layout":"","ast-site-content-layout":"full-width-container","site-content-style":"default","site-sidebar-style":"default","ast-global-header-display":"","ast-banner-title-visibility":"","ast-main-header-display":"","ast-hfb-above-header-display":"","ast-hfb-below-header-display":"","ast-hfb-mobile-header-display":"","site-post-title":"disabled","ast-breadcrumbs-content":"","ast-featured-img":"disabled","footer-sml-layout":"","theme-transparent-header-meta":"","adv-header-id-meta":"","stick-header-meta":"","header-above-stick-meta":"","header-main-stick-meta":"","header-below-stick-meta":"","astra-migrate-meta-layouts":"default","ast-page-background-enabled":"default","ast-page-background-meta":{"desktop":{"background-color":"var(--ast-global-color-5)","background-image":"","background-repeat":"repeat","background-position":"center center","background-size":"auto","background-attachment":"scroll","background-type":"","background-media":"","overlay-type":"","overlay-color":"","overlay-opacity":"","overlay-gradient":""},"tablet":{"background-color":"","background-image":"","background-repeat":"repeat","background-position":"center center","background-size":"auto","background-attachment":"scroll","background-type":"","background-media":"","overlay-type":"","overlay-color":"","overlay-opacity":"","overlay-gradient":""},"mobile":{"background-color":"","background-image":"","background-repeat":"repeat","background-position":"center center","background-size":"auto","background-attachment":"scroll","background-type":"","background-media":"","overlay-type":"","overlay-color":"","overlay-opacity":"","overlay-gradient":""}},"ast-content-background-meta":{"desktop":{"background-color":"var(--ast-global-color-4)","background-image":"","background-repeat":"repeat","background-position":"center center","background-size":"auto","background-attachment":"scroll","background-type":"","background-media":"","overlay-type":"","overlay-color":"","overlay-opacity":"","overlay-gradient":""},"tablet":{"background-color":"var(--ast-global-color-4)","background-image":"","background-repeat":"repeat","background-position":"center center","background-size":"auto","background-attachment":"scroll","background-type":"","background-media":"","overlay-type":"","overlay-color":"","overlay-opacity":"","overlay-gradient":""},"mobile":{"background-color":"var(--ast-global-color-4)","background-image":"","background-repeat":"repeat","background-position":"center center","background-size":"auto","background-attachment":"scroll","background-type":"","background-media":"","overlay-type":"","overlay-color":"","overlay-opacity":"","overlay-gradient":""}},"footnotes":""},"class_list":["post-985","page","type-page","status-publish","hentry"],"aioseo_notices":[],"yoast_head":"<!-- This site is optimized with the Yoast SEO plugin v25.8 - https:\/\/yoast.com\/wordpress\/plugins\/seo\/ -->\n<title>Casa La Providencia - DESIREE DE RIDDER<\/title>\n<meta name=\"robots\" content=\"index, follow, max-snippet:-1, max-image-preview:large, max-video-preview:-1\" \/>\n<link rel=\"canonical\" href=\"https:\/\/desireederidder.com.ar\/es\/casa-la-providencia\/\" \/>\n<meta property=\"og:locale\" content=\"es_ES\" \/>\n<meta property=\"og:type\" content=\"article\" \/>\n<meta property=\"og:title\" content=\"Casa La Providencia - DESIREE DE RIDDER\" \/>\n<meta property=\"og:description\" content=\"Casa La Providencia La Providencia is a house-workshop and artist residence in the Buenos Aires pampas where art, ceramics, and [&hellip;]\" \/>\n<meta property=\"og:url\" content=\"https:\/\/desireederidder.com.ar\/es\/casa-la-providencia\/\" \/>\n<meta property=\"og:site_name\" content=\"DESIREE DE RIDDER\" \/>\n<meta property=\"article:modified_time\" content=\"2025-09-04T16:53:42+00:00\" \/>\n<meta property=\"og:image\" content=\"https:\/\/desireederidder.com.ar\/wp-content\/uploads\/2025\/08\/Rectangle-48.png\" \/>\n<meta name=\"twitter:card\" content=\"summary_large_image\" \/>\n<meta name=\"twitter:label1\" content=\"Tiempo de lectura\" \/>\n\t<meta name=\"twitter:data1\" content=\"3 minutes\" \/>\n<script type=\"application\/ld+json\" class=\"yoast-schema-graph\">{\"@context\":\"https:\/\/schema.org\",\"@graph\":[{\"@type\":\"WebPage\",\"@id\":\"https:\/\/desireederidder.com.ar\/casa-la-providencia\/\",\"url\":\"https:\/\/desireederidder.com.ar\/casa-la-providencia\/\",\"name\":\"Casa La Providencia - DESIREE DE RIDDER\",\"isPartOf\":{\"@id\":\"https:\/\/sibesite.com\/desiree2\/#website\"},\"primaryImageOfPage\":{\"@id\":\"https:\/\/desireederidder.com.ar\/casa-la-providencia\/#primaryimage\"},\"image\":{\"@id\":\"https:\/\/desireederidder.com.ar\/casa-la-providencia\/#primaryimage\"},\"thumbnailUrl\":\"https:\/\/desireederidder.com.ar\/wp-content\/uploads\/2025\/08\/Rectangle-48.png\",\"datePublished\":\"2025-08-28T11:45:08+00:00\",\"dateModified\":\"2025-09-04T16:53:42+00:00\",\"breadcrumb\":{\"@id\":\"https:\/\/desireederidder.com.ar\/casa-la-providencia\/#breadcrumb\"},\"inLanguage\":\"es-AR\",\"potentialAction\":[{\"@type\":\"ReadAction\",\"target\":[\"https:\/\/desireederidder.com.ar\/casa-la-providencia\/\"]}]},{\"@type\":\"ImageObject\",\"inLanguage\":\"es-AR\",\"@id\":\"https:\/\/desireederidder.com.ar\/casa-la-providencia\/#primaryimage\",\"url\":\"https:\/\/desireederidder.com.ar\/wp-content\/uploads\/2025\/08\/Rectangle-48.png\",\"contentUrl\":\"https:\/\/desireederidder.com.ar\/wp-content\/uploads\/2025\/08\/Rectangle-48.png\"},{\"@type\":\"BreadcrumbList\",\"@id\":\"https:\/\/desireederidder.com.ar\/casa-la-providencia\/#breadcrumb\",\"itemListElement\":[{\"@type\":\"ListItem\",\"position\":1,\"name\":\"Portada\",\"item\":\"https:\/\/desireederidder.com.ar\/\"},{\"@type\":\"ListItem\",\"position\":2,\"name\":\"Casa La Providencia\"}]},{\"@type\":\"WebSite\",\"@id\":\"https:\/\/sibesite.com\/desiree2\/#website\",\"url\":\"https:\/\/sibesite.com\/desiree2\/\",\"name\":\"DESIREE DE RIDDER\",\"description\":\"\",\"potentialAction\":[{\"@type\":\"SearchAction\",\"target\":{\"@type\":\"EntryPoint\",\"urlTemplate\":\"https:\/\/sibesite.com\/desiree2\/?s={search_term_string}\"},\"query-input\":{\"@type\":\"PropertyValueSpecification\",\"valueRequired\":true,\"valueName\":\"search_term_string\"}}],\"inLanguage\":\"es-AR\"}]}<\/script>\n<!-- \/ Yoast SEO plugin. -->","yoast_head_json":{"title":"Casa La Providencia - DESIREE DE RIDDER","robots":{"index":"index","follow":"follow","max-snippet":"max-snippet:-1","max-image-preview":"max-image-preview:large","max-video-preview":"max-video-preview:-1"},"canonical":"https:\/\/desireederidder.com.ar\/es\/casa-la-providencia\/","og_locale":"es_ES","og_type":"article","og_title":"Casa La Providencia - DESIREE DE RIDDER","og_description":"Casa La Providencia La Providencia is a house-workshop and artist residence in the Buenos Aires pampas where art, ceramics, and [&hellip;]","og_url":"https:\/\/desireederidder.com.ar\/es\/casa-la-providencia\/","og_site_name":"DESIREE DE RIDDER","article_modified_time":"2025-09-04T16:53:42+00:00","og_image":[{"url":"https:\/\/desireederidder.com.ar\/wp-content\/uploads\/2025\/08\/Rectangle-48.png","type":"","width":"","height":""}],"twitter_card":"summary_large_image","twitter_misc":{"Tiempo de lectura":"3 minutes"},"schema":{"@context":"https:\/\/schema.org","@graph":[{"@type":"WebPage","@id":"https:\/\/desireederidder.com.ar\/casa-la-providencia\/","url":"https:\/\/desireederidder.com.ar\/casa-la-providencia\/","name":"Casa La Providencia - DESIREE DE RIDDER","isPartOf":{"@id":"https:\/\/sibesite.com\/desiree2\/#website"},"primaryImageOfPage":{"@id":"https:\/\/desireederidder.com.ar\/casa-la-providencia\/#primaryimage"},"image":{"@id":"https:\/\/desireederidder.com.ar\/casa-la-providencia\/#primaryimage"},"thumbnailUrl":"https:\/\/desireederidder.com.ar\/wp-content\/uploads\/2025\/08\/Rectangle-48.png","datePublished":"2025-08-28T11:45:08+00:00","dateModified":"2025-09-04T16:53:42+00:00","breadcrumb":{"@id":"https:\/\/desireederidder.com.ar\/casa-la-providencia\/#breadcrumb"},"inLanguage":"es-AR","potentialAction":[{"@type":"ReadAction","target":["https:\/\/desireederidder.com.ar\/casa-la-providencia\/"]}]},{"@type":"ImageObject","inLanguage":"es-AR","@id":"https:\/\/desireederidder.com.ar\/casa-la-providencia\/#primaryimage","url":"https:\/\/desireederidder.com.ar\/wp-content\/uploads\/2025\/08\/Rectangle-48.png","contentUrl":"https:\/\/desireederidder.com.ar\/wp-content\/uploads\/2025\/08\/Rectangle-48.png"},{"@type":"BreadcrumbList","@id":"https:\/\/desireederidder.com.ar\/casa-la-providencia\/#breadcrumb","itemListElement":[{"@type":"ListItem","position":1,"name":"Portada","item":"https:\/\/desireederidder.com.ar\/"},{"@type":"ListItem","position":2,"name":"Casa La Providencia"}]},{"@type":"WebSite","@id":"https:\/\/sibesite.com\/desiree2\/#website","url":"https:\/\/sibesite.com\/desiree2\/","name":"DESIREE DE RIDDER","description":"","potentialAction":[{"@type":"SearchAction","target":{"@type":"EntryPoint","urlTemplate":"https:\/\/sibesite.com\/desiree2\/?s={search_term_string}"},"query-input":{"@type":"PropertyValueSpecification","valueRequired":true,"valueName":"search_term_string"}}],"inLanguage":"es-AR"}]}},"_links":{"self":[{"href":"https:\/\/desireederidder.com.ar\/es\/wp-json\/wp\/v2\/pages\/985","targetHints":{"allow":["GET"]}}],"collection":[{"href":"https:\/\/desireederidder.com.ar\/es\/wp-json\/wp\/v2\/pages"}],"about":[{"href":"https:\/\/desireederidder.com.ar\/es\/wp-json\/wp\/v2\/types\/page"}],"author":[{"embeddable":true,"href":"https:\/\/desireederidder.com.ar\/es\/wp-json\/wp\/v2\/users\/1"}],"replies":[{"embeddable":true,"href":"https:\/\/desireederidder.com.ar\/es\/wp-json\/wp\/v2\/comments?post=985"}],"version-history":[{"count":22,"href":"https:\/\/desireederidder.com.ar\/es\/wp-json\/wp\/v2\/pages\/985\/revisions"}],"predecessor-version":[{"id":1320,"href":"https:\/\/desireederidder.com.ar\/es\/wp-json\/wp\/v2\/pages\/985\/revisions\/1320"}],"wp:attachment":[{"href":"https:\/\/desireederidder.com.ar\/es\/wp-json\/wp\/v2\/media?parent=985"}],"curies":[{"name":"wp","href":"https:\/\/api.w.org\/{rel}","templated":true}]}}